{"id":27509,"date":"2022-11-11T19:20:40","date_gmt":"2022-11-12T03:20:40","guid":{"rendered":"https:\/\/ledstripchannel.com\/por-que-elegirnos\/"},"modified":"2024-01-10T17:35:15","modified_gmt":"2024-01-10T17:35:15","slug":"por-que-elegirnos","status":"publish","type":"page","link":"https:\/\/www.ledstripchannel.com\/es\/por-que-elegirnos\/","title":{"rendered":"\u00bfPor qu\u00e9 elegirnos?"},"content":{"rendered":"<p><div class=\"fusion-fullwidth fullwidth-box fusion-builder-row-1 fusion-flex-container has-pattern-background has-mask-background fusion-parallax-none nonhundred-percent-fullwidth non-hundred-percent-height-scrolling fusion-no-small-visibility lazyload\" style=\"--awb-border-radius-top-left:0px;--awb-border-radius-top-right:0px;--awb-border-radius-bottom-right:0px;--awb-border-radius-bottom-left:0px;--awb-padding-top:132px;--awb-padding-bottom:16px;--awb-padding-top-small:22px;--awb-padding-bottom-small:0px;--awb-margin-top:-50px;--awb-margin-top-small:-50px;--awb-background-size:cover;\" data-bg=\"https:\/\/ledstripchannel.com\/wp-content\/uploads\/2022\/10\/Contact-Us.jpg\" ><div class=\"fusion-builder-row fusion-row fusion-flex-align-items-flex-start\" style=\"max-width:1216.8px;margin-left: calc(-4% \/ 2 );margin-right: calc(-4% \/ 2 );\"><div class=\"fusion-layout-column fusion_builder_column fusion-builder-column-0 fusion_builder_column_1_1 1_1 fusion-flex-column\" style=\"--awb-bg-size:cover;--awb-width-large:100%;--awb-margin-top-large:15px;--awb-spacing-right-large:1.92%;--awb-margin-bottom-large:15px;--awb-spacing-left-large:1.92%;--awb-width-medium:100%;--awb-order-medium:0;--awb-spacing-right-medium:1.92%;--awb-spacing-left-medium:1.92%;--awb-width-small:100%;--awb-order-small:0;--awb-spacing-right-small:1.92%;--awb-spacing-left-small:1.92%;\"><div class=\"fusion-column-wrapper fusion-column-has-shadow fusion-flex-justify-content-flex-start fusion-content-layout-column\"><div class=\"fusion-title title fusion-title-1 fusion-title-center fusion-title-text fusion-title-size-one\" style=\"--awb-text-color:var(--awb-color1);\"><div class=\"title-sep-container title-sep-container-left\"><div class=\"title-sep sep- sep-solid\" style=\"border-color:var(--awb-color3);\"><\/div><\/div><span class=\"awb-title-spacer\"><\/span><h1 class=\"title-heading-center fusion-responsive-typography-calculated\" style=\"font-family:Arial, Helvetica, sans-serif;font-style:normal;font-weight:400;margin:0;--fontSize:50;line-height:var(--awb-typography1-line-height);\">\u00bfPor qu\u00e9 elegirnos?<\/h1><span class=\"awb-title-spacer\"><\/span><div class=\"title-sep-container title-sep-container-right\"><div class=\"title-sep sep- sep-solid\" style=\"border-color:var(--awb-color3);\"><\/div><\/div><\/div><div class=\"fusion-breadcrumbs fusion-breadcrumbs-1\" style=\"--awb-alignment:center;--awb-text-hover-color:var(--awb-custom_color_1);--awb-text-color:var(--awb-color1);text-align:center;\"><span class=\"fusion-breadcrumb-item\"><a href=\"https:\/\/www.ledstripchannel.com\/es\/\" class=\"fusion-breadcrumb-link\"><span >Home<\/span><\/a><\/span><span class=\"fusion-breadcrumb-sep\">\/<\/span><\/div><\/div><\/div><\/div><\/div><div class=\"fusion-fullwidth fullwidth-box fusion-builder-row-2 fusion-flex-container has-pattern-background has-mask-background fusion-parallax-none nonhundred-percent-fullwidth non-hundred-percent-height-scrolling fusion-no-medium-visibility fusion-no-large-visibility lazyload\" style=\"--awb-border-radius-top-left:0px;--awb-border-radius-top-right:0px;--awb-border-radius-bottom-right:0px;--awb-border-radius-bottom-left:0px;--awb-padding-top:151px;--awb-padding-bottom:26px;--awb-padding-top-small:22px;--awb-padding-bottom-small:0px;--awb-margin-top:-50px;--awb-margin-top-small:-50px;--awb-background-size:cover;\" data-bg=\"https:\/\/ledstripchannel.com\/wp-content\/uploads\/2022\/10\/Contact-Us.jpg\" ><div class=\"fusion-builder-row fusion-row fusion-flex-align-items-flex-start\" style=\"max-width:1216.8px;margin-left: calc(-4% \/ 2 );margin-right: calc(-4% \/ 2 );\"><div class=\"fusion-layout-column fusion_builder_column fusion-builder-column-1 fusion_builder_column_1_1 1_1 fusion-flex-column\" style=\"--awb-bg-size:cover;--awb-width-large:100%;--awb-margin-top-large:15px;--awb-spacing-right-large:1.92%;--awb-margin-bottom-large:15px;--awb-spacing-left-large:1.92%;--awb-width-medium:100%;--awb-order-medium:0;--awb-spacing-right-medium:1.92%;--awb-spacing-left-medium:1.92%;--awb-width-small:100%;--awb-order-small:0;--awb-spacing-right-small:1.92%;--awb-spacing-left-small:1.92%;\"><div class=\"fusion-column-wrapper fusion-column-has-shadow fusion-flex-justify-content-flex-start fusion-content-layout-column\"><div class=\"fusion-title title fusion-title-2 fusion-title-center fusion-title-text fusion-title-size-one\" style=\"--awb-text-color:var(--awb-color1);\"><div class=\"title-sep-container title-sep-container-left\"><div class=\"title-sep sep- sep-solid\" style=\"border-color:var(--awb-color3);\"><\/div><\/div><span class=\"awb-title-spacer\"><\/span><h1 class=\"title-heading-center fusion-responsive-typography-calculated\" style=\"font-family:Arial, Helvetica, sans-serif;font-style:normal;font-weight:400;margin:0;--fontSize:50;line-height:var(--awb-typography1-line-height);\">\u00bfPor qu\u00e9 elegirnos?<\/h1><span class=\"awb-title-spacer\"><\/span><div class=\"title-sep-container title-sep-container-right\"><div class=\"title-sep sep- sep-solid\" style=\"border-color:var(--awb-color3);\"><\/div><\/div><\/div><div class=\"fusion-breadcrumbs fusion-breadcrumbs-2\" style=\"--awb-alignment:center;--awb-text-hover-color:var(--awb-custom_color_1);--awb-text-color:var(--awb-color1);text-align:center;\"><span class=\"fusion-breadcrumb-item\"><a href=\"https:\/\/www.ledstripchannel.com\/es\/\" class=\"fusion-breadcrumb-link\"><span >Home<\/span><\/a><\/span><span class=\"fusion-breadcrumb-sep\">\/<\/span><\/div><\/div><\/div><\/div><\/div><div class=\"fusion-fullwidth fullwidth-box fusion-builder-row-3 fusion-flex-container has-pattern-background has-mask-background nonhundred-percent-fullwidth non-hundred-percent-height-scrolling\" style=\"--awb-border-radius-top-left:0px;--awb-border-radius-top-right:0px;--awb-border-radius-bottom-right:0px;--awb-border-radius-bottom-left:0px;\" ><div class=\"fusion-builder-row fusion-row fusion-flex-align-items-flex-start\" style=\"max-width:1216.8px;margin-left: calc(-4% \/ 2 );margin-right: calc(-4% \/ 2 );\"><div class=\"fusion-layout-column fusion_builder_column fusion-builder-column-2 fusion_builder_column_1_4 1_4 fusion-flex-column fusion-no-small-visibility fusion-no-medium-visibility\" style=\"--awb-bg-size:cover;--awb-width-large:25%;--awb-margin-top-large:15px;--awb-spacing-right-large:0%;--awb-margin-bottom-large:2px;--awb-spacing-left-large:0%;--awb-width-medium:100%;--awb-order-medium:0;--awb-spacing-right-medium:1.92%;--awb-spacing-left-medium:1.92%;--awb-width-small:100%;--awb-order-small:0;--awb-spacing-right-small:1.92%;--awb-spacing-left-small:1.92%;\"><div class=\"fusion-column-wrapper fusion-column-has-shadow fusion-flex-justify-content-flex-start fusion-content-layout-column\"><div class=\"accordian fusion-accordian\" style=\"--awb-border-size:1px;--awb-icon-size:13px;--awb-content-font-size:15px;--awb-icon-alignment:left;--awb-hover-color:hsla(var(--awb-color7-h),var(--awb-color7-s),calc( var(--awb-color7-l) + 69% ),var(--awb-color7-a));--awb-border-color:hsla(var(--awb-color7-h),var(--awb-color7-s),calc( var(--awb-color7-l) + 51% ),var(--awb-color7-a));--awb-background-color:var(--awb-color1);--awb-divider-color:var(--awb-color3);--awb-divider-hover-color:var(--awb-color3);--awb-icon-color:var(--awb-color1);--awb-title-color:var(--awb-color8);--awb-content-color:var(--awb-color7);--awb-icon-box-color:hsla(var(--awb-color7-h),var(--awb-color7-s),calc( var(--awb-color7-l) - 9% ),var(--awb-color7-a));--awb-toggle-hover-accent-color:var(--awb-custom_color_1);--awb-title-font-family:&quot;Montserrat&quot;;--awb-title-font-weight:700;--awb-title-font-style:normal;--awb-title-font-size:15px;--awb-content-font-family:&quot;Karla&quot;;--awb-content-font-style:normal;--awb-content-font-weight:400;\"><div class=\"panel-group fusion-toggle-icon-boxed\" id=\"accordion-27509-1\"><div class=\"fusion-panel panel-default panel-d07d94d152189f623 fusion-toggle-has-divider\"><div class=\"panel-heading\"><h4 class=\"panel-title toggle\" id=\"toggle_d07d94d152189f623\"><a class=\"active\" aria-expanded=\"true\" aria-controls=\"d07d94d152189f623\" role=\"button\" data-toggle=\"collapse\" data-parent=\"#accordion-27509-1\" data-target=\"#d07d94d152189f623\" href=\"#d07d94d152189f623\"><span class=\"fusion-toggle-icon-wrapper\" aria-hidden=\"true\"><i class=\"fa-fusion-box active-icon fa-angle-right fas\" aria-hidden=\"true\"><\/i><i class=\"fa-fusion-box inactive-icon fa-angle-right fas\" aria-hidden=\"true\"><\/i><\/span><span class=\"fusion-toggle-heading\">EMPRESA<\/span><\/a><\/h4><\/div><div id=\"d07d94d152189f623\" class=\"panel-collapse collapse in\" aria-labelledby=\"toggle_d07d94d152189f623\"><div class=\"panel-body toggle-content fusion-clearfix\">\n<p><a href=\"https:\/\/ledstripchannel.com\/fqa\/\">\u25b6FQAs<\/a><\/p>\n<p><a href=\"https:\/\/ledstripchannel.com\/about-us\/\">\u25b6About Us<\/a><\/p>\n<p><a href=\"https:\/\/ledstripchannel.com\/contact-us\/\">\u25b6Contact Us<\/a><\/p>\n<p><a href=\"https:\/\/ledstripchannel.com\/why-choose-us\/\">\u25b6Why Choose Us<\/a><\/p>\n<p><a href=\"https:\/\/ledstripchannel.com\/become-an-agent\/\">\u25b6Become an Agent<\/a><\/p>\n<p><a href=\"https:\/\/ledstripchannel.com\/tags\/\">\u25b6Tags<\/a><\/p>\n<\/div><\/div><\/div><\/div><\/div><\/div><\/div><div class=\"fusion-layout-column fusion_builder_column fusion-builder-column-3 fusion_builder_column_1_4 1_4 fusion-flex-column fusion-no-large-visibility\" style=\"--awb-bg-size:cover;--awb-width-large:25%;--awb-margin-top-large:15px;--awb-spacing-right-large:0%;--awb-margin-bottom-large:15px;--awb-spacing-left-large:0%;--awb-width-medium:100%;--awb-order-medium:0;--awb-spacing-right-medium:1.92%;--awb-spacing-left-medium:1.92%;--awb-width-small:100%;--awb-order-small:1;--awb-spacing-right-small:1.92%;--awb-spacing-left-small:1.92%;\"><div class=\"fusion-column-wrapper fusion-column-has-shadow fusion-flex-justify-content-flex-start fusion-content-layout-column\"><div class=\"accordian fusion-accordian\" style=\"--awb-border-size:1px;--awb-icon-size:13px;--awb-content-font-size:15px;--awb-icon-alignment:left;--awb-hover-color:hsla(var(--awb-color7-h),var(--awb-color7-s),calc( var(--awb-color7-l) + 69% ),var(--awb-color7-a));--awb-border-color:hsla(var(--awb-color7-h),var(--awb-color7-s),calc( var(--awb-color7-l) + 51% ),var(--awb-color7-a));--awb-background-color:var(--awb-color1);--awb-divider-color:var(--awb-color3);--awb-divider-hover-color:var(--awb-color3);--awb-icon-color:var(--awb-color1);--awb-title-color:var(--awb-color8);--awb-content-color:var(--awb-color7);--awb-icon-box-color:hsla(var(--awb-color7-h),var(--awb-color7-s),calc( var(--awb-color7-l) - 9% ),var(--awb-color7-a));--awb-toggle-hover-accent-color:var(--awb-custom_color_1);--awb-title-font-family:Arial, Helvetica, sans-serif;--awb-title-font-weight:400;--awb-title-font-style:normal;--awb-title-font-size:15px;--awb-content-font-family:&quot;Roboto&quot;;--awb-content-font-style:normal;--awb-content-font-weight:400;\"><div class=\"panel-group fusion-toggle-icon-boxed\" id=\"accordion-27509-2\"><div class=\"fusion-panel panel-default panel-5d22f73788539357b fusion-toggle-has-divider\"><div class=\"panel-heading\"><h4 class=\"panel-title toggle\" id=\"toggle_5d22f73788539357b\"><a aria-expanded=\"false\" aria-controls=\"5d22f73788539357b\" role=\"button\" data-toggle=\"collapse\" data-parent=\"#accordion-27509-2\" data-target=\"#5d22f73788539357b\" href=\"#5d22f73788539357b\"><span class=\"fusion-toggle-icon-wrapper\" aria-hidden=\"true\"><i class=\"fa-fusion-box active-icon fa-angle-down fas\" aria-hidden=\"true\"><\/i><i class=\"fa-fusion-box inactive-icon fa-angle-right fas\" aria-hidden=\"true\"><\/i><\/span><span class=\"fusion-toggle-heading\">EMPRESA<\/span><\/a><\/h4><\/div><div id=\"5d22f73788539357b\" class=\"panel-collapse collapse \" aria-labelledby=\"toggle_5d22f73788539357b\"><div class=\"panel-body toggle-content fusion-clearfix\">\n<p><a href=\"https:\/\/ledstripchannel.com\/fqa\/\">\u25b6FQAs<\/a><\/p>\n<p><a href=\"https:\/\/ledstripchannel.com\/about-us\/\">\u25b6About Us<\/a><\/p>\n<p><a href=\"https:\/\/ledstripchannel.com\/contact-us\/\">\u25b6Contact Us<\/a><\/p>\n<p><a href=\"https:\/\/ledstripchannel.com\/why-choose-us\/\">\u25b6Why Choose Us<\/a><\/p>\n<p><a href=\"https:\/\/ledstripchannel.com\/become-an-agent\/\">\u25b6Become an Agent<\/a><\/p>\n<p><a href=\"https:\/\/ledstripchannel.com\/tags\/\">\u25b6Tags<\/a><\/p>\n<\/div><\/div><\/div><\/div><\/div><\/div><\/div><div class=\"fusion-layout-column fusion_builder_column fusion-builder-column-4 fusion_builder_column_3_4 3_4 fusion-flex-column\" style=\"--awb-bg-size:cover;--awb-width-large:75%;--awb-margin-top-large:15px;--awb-spacing-right-large:0%;--awb-margin-bottom-large:-15px;--awb-spacing-left-large:0%;--awb-width-medium:100%;--awb-order-medium:0;--awb-spacing-right-medium:1.92%;--awb-spacing-left-medium:1.92%;--awb-width-small:100%;--awb-order-small:2;--awb-spacing-right-small:1.92%;--awb-spacing-left-small:1.92%;\"><div class=\"fusion-column-wrapper fusion-column-has-shadow fusion-flex-justify-content-flex-start fusion-content-layout-column\"><div class=\"fusion-text fusion-text-1\" style=\"--awb-text-font-family:&quot;Roboto&quot;;--awb-text-font-style:normal;--awb-text-font-weight:400;\"><p><strong style=\"font-size: 18px;\" data-fusion-font=\"true\">\u00bfPor qu\u00e9 elegirnos?<\/strong><\/p>\n<p>\u25cf Precio al por mayor directo de f\u00e1brica.<br \/>\u25cf Fabricante profesional de perfiles LED, tenemos m\u00e1s de 10 a\u00f1os de experiencia <b>iluminaci\u00f3n interior canal LED<\/b> .<br \/>\u25cf Respuesta r\u00e1pida en 12 horas<br \/>\u25cf Dise\u00f1o personalizado y OEM est\u00e1 disponible.<br \/>\u25cf Entrega r\u00e1pida a los clientes, como en el caso de la carga a granel, en un plazo de 5 d\u00edas si se dispone de ella. <strong>LED Perfil<\/strong> productos de canal, Si no, 15-20 d\u00edas.<br \/>\u25cf Ofrecemos garant\u00eda de calidad y entrega puntual.<\/p>\n<\/div><div class=\"fusion-image-element fusion-no-small-visibility\" style=\"--awb-max-width:60%;--awb-caption-title-font-family:var(--h2_typography-font-family);--awb-caption-title-font-weight:var(--h2_typography-font-weight);--awb-caption-title-font-style:var(--h2_typography-font-style);--awb-caption-title-size:var(--h2_typography-font-size);--awb-caption-title-transform:var(--h2_typography-text-transform);--awb-caption-title-line-height:var(--h2_typography-line-height);--awb-caption-title-letter-spacing:var(--h2_typography-letter-spacing);\"><span class=\" fusion-imageframe imageframe-none imageframe-1 hover-type-none fusion-no-small-visibility\" class=\"image-magnify\" class=\"image-scroll\"><img decoding=\"async\" width=\"750\" height=\"659\" alt=\"Por qu\u00e9 elegir-Us-1\" title=\"Why-Choose-Us-1\" src=\"https:\/\/www.ledstripchannel.com\/wp-content\/uploads\/2022\/11\/Why-Choose-Us-1-2.jpg\" data-orig-src=\"https:\/\/ledstripchannel.com\/wp-content\/uploads\/2022\/11\/Why-Choose-Us-1-2.jpg\" class=\"lazyload img-responsive wp-image-26910\" srcset=\"data:image\/svg+xml,%3Csvg%20xmlns%3D%27http%3A%2F%2Fwww.w3.org%2F2000%2Fsvg%27%20width%3D%27750%27%20height%3D%27659%27%20viewBox%3D%270%200%20750%20659%27%3E%3Crect%20width%3D%27750%27%20height%3D%27659%27%20fill-opacity%3D%220%22%2F%3E%3C%2Fsvg%3E\" data-srcset=\"https:\/\/www.ledstripchannel.com\/wp-content\/uploads\/2022\/11\/Why-Choose-Us-1-2-200x176.jpg 200w, https:\/\/www.ledstripchannel.com\/wp-content\/uploads\/2022\/11\/Why-Choose-Us-1-2-400x351.jpg 400w, https:\/\/www.ledstripchannel.com\/wp-content\/uploads\/2022\/11\/Why-Choose-Us-1-2-600x527.jpg 600w, https:\/\/www.ledstripchannel.com\/wp-content\/uploads\/2022\/11\/Why-Choose-Us-1-2.jpg 750w\" data-sizes=\"auto\" data-orig-sizes=\"(max-width: 1024px) 100vw, (max-width: 640px) 100vw, 750px\" \/><\/span><\/div><div class=\"fusion-image-element fusion-no-medium-visibility fusion-no-large-visibility\" style=\"--awb-caption-title-font-family:var(--h2_typography-font-family);--awb-caption-title-font-weight:var(--h2_typography-font-weight);--awb-caption-title-font-style:var(--h2_typography-font-style);--awb-caption-title-size:var(--h2_typography-font-size);--awb-caption-title-transform:var(--h2_typography-text-transform);--awb-caption-title-line-height:var(--h2_typography-line-height);--awb-caption-title-letter-spacing:var(--h2_typography-letter-spacing);\"><span class=\" fusion-imageframe imageframe-none imageframe-2 hover-type-none fusion-no-medium-visibility fusion-no-large-visibility\" class=\"image-magnify\" class=\"image-scroll\"><img decoding=\"async\" width=\"750\" height=\"659\" alt=\"Por qu\u00e9 elegir-Us-1\" title=\"Why-Choose-Us-1\" src=\"https:\/\/www.ledstripchannel.com\/wp-content\/uploads\/2022\/11\/Why-Choose-Us-1-2.jpg\" data-orig-src=\"https:\/\/ledstripchannel.com\/wp-content\/uploads\/2022\/11\/Why-Choose-Us-1-2.jpg\" class=\"lazyload img-responsive wp-image-26910\" srcset=\"data:image\/svg+xml,%3Csvg%20xmlns%3D%27http%3A%2F%2Fwww.w3.org%2F2000%2Fsvg%27%20width%3D%27750%27%20height%3D%27659%27%20viewBox%3D%270%200%20750%20659%27%3E%3Crect%20width%3D%27750%27%20height%3D%27659%27%20fill-opacity%3D%220%22%2F%3E%3C%2Fsvg%3E\" data-srcset=\"https:\/\/www.ledstripchannel.com\/wp-content\/uploads\/2022\/11\/Why-Choose-Us-1-2-200x176.jpg 200w, https:\/\/www.ledstripchannel.com\/wp-content\/uploads\/2022\/11\/Why-Choose-Us-1-2-400x351.jpg 400w, https:\/\/www.ledstripchannel.com\/wp-content\/uploads\/2022\/11\/Why-Choose-Us-1-2-600x527.jpg 600w, https:\/\/www.ledstripchannel.com\/wp-content\/uploads\/2022\/11\/Why-Choose-Us-1-2.jpg 750w\" data-sizes=\"auto\" data-orig-sizes=\"(max-width: 1024px) 100vw, (max-width: 640px) 100vw, 750px\" \/><\/span><\/div><div class=\"fusion-text fusion-text-2\" style=\"--awb-text-font-family:&quot;Roboto&quot;;--awb-text-font-style:normal;--awb-text-font-weight:400;\"><p><strong>Our advantages<\/strong><\/p>\n<p>\u25cf Our <b><a href=\"https:\/\/ledstripchannel.com\/\">LED strip light diffuser<\/a><\/b> has strong heat dissipation, which effectively increases the life of the light strip.<br \/>\u25cf LED channel system with corrosion resistance and oxidation resistance, can achieve the advantages of waterproof and moisture-proof.<br \/>\u25cf We support various styles of customization, complete styles, a wide range of inventory, materials are very good quality.<br \/>\u25cf Free samples, we can provide free samples to customers for quality testing LED diffusers.<\/p>\n<\/div><div class=\"fusion-image-element fusion-no-small-visibility\" style=\"--awb-max-width:60%;--awb-caption-title-font-family:var(--h2_typography-font-family);--awb-caption-title-font-weight:var(--h2_typography-font-weight);--awb-caption-title-font-style:var(--h2_typography-font-style);--awb-caption-title-size:var(--h2_typography-font-size);--awb-caption-title-transform:var(--h2_typography-text-transform);--awb-caption-title-line-height:var(--h2_typography-line-height);--awb-caption-title-letter-spacing:var(--h2_typography-letter-spacing);\"><span class=\" fusion-imageframe imageframe-none imageframe-3 hover-type-none fusion-no-small-visibility\" class=\"image-magnify\" class=\"image-scroll\"><img decoding=\"async\" width=\"900\" height=\"900\" alt=\"Por qu\u00e9 elegir-Us-2\" title=\"Why-Choose-Us-2\" src=\"https:\/\/www.ledstripchannel.com\/wp-content\/uploads\/2022\/11\/Why-Choose-Us-2-2.jpg\" data-orig-src=\"https:\/\/ledstripchannel.com\/wp-content\/uploads\/2022\/11\/Why-Choose-Us-2-2.jpg\" class=\"lazyload img-responsive wp-image-26912\" srcset=\"data:image\/svg+xml,%3Csvg%20xmlns%3D%27http%3A%2F%2Fwww.w3.org%2F2000%2Fsvg%27%20width%3D%27900%27%20height%3D%27900%27%20viewBox%3D%270%200%20900%20900%27%3E%3Crect%20width%3D%27900%27%20height%3D%27900%27%20fill-opacity%3D%220%22%2F%3E%3C%2Fsvg%3E\" data-srcset=\"https:\/\/www.ledstripchannel.com\/wp-content\/uploads\/2022\/11\/Why-Choose-Us-2-2-200x200.jpg 200w, https:\/\/www.ledstripchannel.com\/wp-content\/uploads\/2022\/11\/Why-Choose-Us-2-2-400x400.jpg 400w, https:\/\/www.ledstripchannel.com\/wp-content\/uploads\/2022\/11\/Why-Choose-Us-2-2-600x600.jpg 600w, https:\/\/www.ledstripchannel.com\/wp-content\/uploads\/2022\/11\/Why-Choose-Us-2-2-800x800.jpg 800w, https:\/\/www.ledstripchannel.com\/wp-content\/uploads\/2022\/11\/Why-Choose-Us-2-2.jpg 900w\" data-sizes=\"auto\" data-orig-sizes=\"(max-width: 1024px) 100vw, (max-width: 640px) 100vw, 900px\" \/><\/span><\/div><div class=\"fusion-image-element fusion-no-medium-visibility fusion-no-large-visibility\" style=\"--awb-caption-title-font-family:var(--h2_typography-font-family);--awb-caption-title-font-weight:var(--h2_typography-font-weight);--awb-caption-title-font-style:var(--h2_typography-font-style);--awb-caption-title-size:var(--h2_typography-font-size);--awb-caption-title-transform:var(--h2_typography-text-transform);--awb-caption-title-line-height:var(--h2_typography-line-height);--awb-caption-title-letter-spacing:var(--h2_typography-letter-spacing);\"><span class=\" fusion-imageframe imageframe-none imageframe-4 hover-type-none fusion-no-medium-visibility fusion-no-large-visibility\" class=\"image-magnify\" class=\"image-scroll\"><img decoding=\"async\" width=\"900\" height=\"900\" alt=\"Por qu\u00e9 elegir-Us-2\" title=\"Why-Choose-Us-2\" src=\"https:\/\/www.ledstripchannel.com\/wp-content\/uploads\/2022\/11\/Why-Choose-Us-2-2.jpg\" data-orig-src=\"https:\/\/ledstripchannel.com\/wp-content\/uploads\/2022\/11\/Why-Choose-Us-2-2.jpg\" class=\"lazyload img-responsive wp-image-26912\" srcset=\"data:image\/svg+xml,%3Csvg%20xmlns%3D%27http%3A%2F%2Fwww.w3.org%2F2000%2Fsvg%27%20width%3D%27900%27%20height%3D%27900%27%20viewBox%3D%270%200%20900%20900%27%3E%3Crect%20width%3D%27900%27%20height%3D%27900%27%20fill-opacity%3D%220%22%2F%3E%3C%2Fsvg%3E\" data-srcset=\"https:\/\/www.ledstripchannel.com\/wp-content\/uploads\/2022\/11\/Why-Choose-Us-2-2-200x200.jpg 200w, https:\/\/www.ledstripchannel.com\/wp-content\/uploads\/2022\/11\/Why-Choose-Us-2-2-400x400.jpg 400w, https:\/\/www.ledstripchannel.com\/wp-content\/uploads\/2022\/11\/Why-Choose-Us-2-2-600x600.jpg 600w, https:\/\/www.ledstripchannel.com\/wp-content\/uploads\/2022\/11\/Why-Choose-Us-2-2-800x800.jpg 800w, https:\/\/www.ledstripchannel.com\/wp-content\/uploads\/2022\/11\/Why-Choose-Us-2-2.jpg 900w\" data-sizes=\"auto\" data-orig-sizes=\"(max-width: 1024px) 100vw, (max-width: 640px) 100vw, 900px\" \/><\/span><\/div><\/div><\/div><\/div><\/div><\/p>\n","protected":false},"excerpt":{"rendered":"","protected":false},"author":1,"featured_media":0,"parent":0,"menu_order":0,"comment_status":"closed","ping_status":"closed","template":"100-width.php","meta":{"_acf_changed":false,"_seopress_robots_primary_cat":"","_seopress_titles_title":"\u00bfpor qu\u00e9 Elegirnos? - LED Canal de tiras","_seopress_titles_desc":"Nuestra ventaja de perfil LED es el Precio de f\u00e1brica, entrega r\u00e1pida, puede apoyar el corte y servicio personalizado, nuestros canales de LED tambi\u00e9n tienen una estricta gesti\u00f3n de calidad.","_seopress_robots_index":"","footnotes":""},"class_list":["post-27509","page","type-page","status-publish","hentry"],"acf":[],"_links":{"self":[{"href":"https:\/\/www.ledstripchannel.com\/es\/wp-json\/wp\/v2\/pages\/27509","targetHints":{"allow":["GET"]}}],"collection":[{"href":"https:\/\/www.ledstripchannel.com\/es\/wp-json\/wp\/v2\/pages"}],"about":[{"href":"https:\/\/www.ledstripchannel.com\/es\/wp-json\/wp\/v2\/types\/page"}],"author":[{"embeddable":true,"href":"https:\/\/www.ledstripchannel.com\/es\/wp-json\/wp\/v2\/users\/1"}],"replies":[{"embeddable":true,"href":"https:\/\/www.ledstripchannel.com\/es\/wp-json\/wp\/v2\/comments?post=27509"}],"version-history":[{"count":11,"href":"https:\/\/www.ledstripchannel.com\/es\/wp-json\/wp\/v2\/pages\/27509\/revisions"}],"predecessor-version":[{"id":30315,"href":"https:\/\/www.ledstripchannel.com\/es\/wp-json\/wp\/v2\/pages\/27509\/revisions\/30315"}],"wp:attachment":[{"href":"https:\/\/www.ledstripchannel.com\/es\/wp-json\/wp\/v2\/media?parent=27509"}],"curies":[{"name":"wp","href":"https:\/\/api.w.org\/{rel}","templated":true}]}}