{"id":27479,"date":"2022-11-11T13:58:18","date_gmt":"2022-11-11T13:58:18","guid":{"rendered":"https:\/\/ledstripchannel.com\/envio-entrega\/"},"modified":"2024-01-10T10:14:14","modified_gmt":"2024-01-10T10:14:14","slug":"envio-entrega","status":"publish","type":"page","link":"https:\/\/www.ledstripchannel.com\/es\/envio-entrega\/","title":{"rendered":"Env\u00edo &amp; entrega"},"content":{"rendered":"<p><div class=\"fusion-fullwidth fullwidth-box fusion-builder-row-1 fusion-flex-container has-pattern-background has-mask-background fusion-parallax-none nonhundred-percent-fullwidth non-hundred-percent-height-scrolling fusion-no-small-visibility lazyload\" style=\"--awb-border-radius-top-left:0px;--awb-border-radius-top-right:0px;--awb-border-radius-bottom-right:0px;--awb-border-radius-bottom-left:0px;--awb-padding-top:128px;--awb-padding-bottom:13px;--awb-padding-top-small:22px;--awb-padding-bottom-small:0px;--awb-margin-top:-50px;--awb-margin-top-small:-50px;--awb-background-size:cover;\" data-bg=\"https:\/\/ledstripchannel.com\/wp-content\/uploads\/2022\/10\/Contact-Us.jpg\" ><div class=\"fusion-builder-row fusion-row fusion-flex-align-items-flex-start\" style=\"max-width:1216.8px;margin-left: calc(-4% \/ 2 );margin-right: calc(-4% \/ 2 );\"><div class=\"fusion-layout-column fusion_builder_column fusion-builder-column-0 fusion_builder_column_1_1 1_1 fusion-flex-column\" style=\"--awb-bg-size:cover;--awb-width-large:100%;--awb-margin-top-large:15px;--awb-spacing-right-large:1.92%;--awb-margin-bottom-large:15px;--awb-spacing-left-large:1.92%;--awb-width-medium:100%;--awb-order-medium:0;--awb-spacing-right-medium:1.92%;--awb-spacing-left-medium:1.92%;--awb-width-small:100%;--awb-order-small:0;--awb-spacing-right-small:1.92%;--awb-spacing-left-small:1.92%;\"><div class=\"fusion-column-wrapper fusion-column-has-shadow fusion-flex-justify-content-flex-start fusion-content-layout-column\"><div class=\"fusion-title title fusion-title-1 fusion-title-center fusion-title-text fusion-title-size-one\" style=\"--awb-text-color:var(--awb-color1);\"><div class=\"title-sep-container title-sep-container-left\"><div class=\"title-sep sep- sep-solid\" style=\"border-color:var(--awb-color3);\"><\/div><\/div><span class=\"awb-title-spacer\"><\/span><h1 class=\"title-heading-center fusion-responsive-typography-calculated\" style=\"font-family:Arial, Helvetica, sans-serif;font-style:normal;font-weight:400;margin:0;--fontSize:50;line-height:var(--awb-typography1-line-height);\">Env\u00edo &amp; entrega<\/h1><span class=\"awb-title-spacer\"><\/span><div class=\"title-sep-container title-sep-container-right\"><div class=\"title-sep sep- sep-solid\" style=\"border-color:var(--awb-color3);\"><\/div><\/div><\/div><div class=\"fusion-breadcrumbs fusion-breadcrumbs-1\" style=\"--awb-alignment:center;--awb-text-hover-color:var(--awb-custom_color_1);--awb-text-color:var(--awb-color1);text-align:center;\"><span class=\"fusion-breadcrumb-item\"><a href=\"https:\/\/www.ledstripchannel.com\/es\/\" class=\"fusion-breadcrumb-link\"><span >Home<\/span><\/a><\/span><span class=\"fusion-breadcrumb-sep\">\/<\/span><\/div><\/div><\/div><\/div><\/div><div class=\"fusion-fullwidth fullwidth-box fusion-builder-row-2 fusion-flex-container has-pattern-background has-mask-background fusion-parallax-none nonhundred-percent-fullwidth non-hundred-percent-height-scrolling fusion-no-medium-visibility fusion-no-large-visibility lazyload\" style=\"--awb-border-radius-top-left:0px;--awb-border-radius-top-right:0px;--awb-border-radius-bottom-right:0px;--awb-border-radius-bottom-left:0px;--awb-padding-top:151px;--awb-padding-bottom:26px;--awb-padding-top-small:16px;--awb-padding-bottom-small:0px;--awb-margin-top:-50px;--awb-margin-top-small:-50px;--awb-background-size:cover;\" data-bg=\"https:\/\/ledstripchannel.com\/wp-content\/uploads\/2022\/10\/Contact-Us.jpg\" ><div class=\"fusion-builder-row fusion-row fusion-flex-align-items-flex-start\" style=\"max-width:1216.8px;margin-left: calc(-4% \/ 2 );margin-right: calc(-4% \/ 2 );\"><div class=\"fusion-layout-column fusion_builder_column fusion-builder-column-1 fusion_builder_column_1_1 1_1 fusion-flex-column\" style=\"--awb-bg-size:cover;--awb-width-large:100%;--awb-margin-top-large:15px;--awb-spacing-right-large:1.92%;--awb-margin-bottom-large:15px;--awb-spacing-left-large:1.92%;--awb-width-medium:100%;--awb-order-medium:0;--awb-spacing-right-medium:1.92%;--awb-spacing-left-medium:1.92%;--awb-width-small:100%;--awb-order-small:0;--awb-spacing-right-small:1.92%;--awb-spacing-left-small:1.92%;\"><div class=\"fusion-column-wrapper fusion-column-has-shadow fusion-flex-justify-content-flex-start fusion-content-layout-column\"><div class=\"fusion-title title fusion-title-2 fusion-title-center fusion-title-text fusion-title-size-one\" style=\"--awb-text-color:var(--awb-color1);\"><div class=\"title-sep-container title-sep-container-left\"><div class=\"title-sep sep- sep-solid\" style=\"border-color:var(--awb-color3);\"><\/div><\/div><span class=\"awb-title-spacer\"><\/span><h1 class=\"title-heading-center fusion-responsive-typography-calculated\" style=\"font-family:Arial, Helvetica, sans-serif;font-style:normal;font-weight:400;margin:0;--fontSize:50;line-height:var(--awb-typography1-line-height);\">Env\u00edo &amp; entrega<\/h1><span class=\"awb-title-spacer\"><\/span><div class=\"title-sep-container title-sep-container-right\"><div class=\"title-sep sep- sep-solid\" style=\"border-color:var(--awb-color3);\"><\/div><\/div><\/div><div class=\"fusion-breadcrumbs fusion-breadcrumbs-2\" style=\"--awb-alignment:center;--awb-text-hover-color:var(--awb-custom_color_1);--awb-text-color:var(--awb-color1);text-align:center;\"><span class=\"fusion-breadcrumb-item\"><a href=\"https:\/\/www.ledstripchannel.com\/es\/\" class=\"fusion-breadcrumb-link\"><span >Home<\/span><\/a><\/span><span class=\"fusion-breadcrumb-sep\">\/<\/span><\/div><\/div><\/div><\/div><\/div><div class=\"fusion-fullwidth fullwidth-box fusion-builder-row-3 fusion-flex-container has-pattern-background has-mask-background nonhundred-percent-fullwidth non-hundred-percent-height-scrolling\" style=\"--awb-border-radius-top-left:0px;--awb-border-radius-top-right:0px;--awb-border-radius-bottom-right:0px;--awb-border-radius-bottom-left:0px;\" ><div class=\"fusion-builder-row fusion-row fusion-flex-align-items-flex-start\" style=\"max-width:1216.8px;margin-left: calc(-4% \/ 2 );margin-right: calc(-4% \/ 2 );\"><div class=\"fusion-layout-column fusion_builder_column fusion-builder-column-2 fusion_builder_column_1_5 1_5 fusion-flex-column fusion-no-small-visibility fusion-no-medium-visibility\" style=\"--awb-bg-size:cover;--awb-width-large:20%;--awb-margin-top-large:15px;--awb-spacing-right-large:9.6%;--awb-margin-bottom-large:15px;--awb-spacing-left-large:9.6%;--awb-width-medium:100%;--awb-order-medium:0;--awb-spacing-right-medium:1.92%;--awb-spacing-left-medium:1.92%;--awb-width-small:100%;--awb-order-small:0;--awb-spacing-right-small:1.92%;--awb-spacing-left-small:1.92%;\"><div class=\"fusion-column-wrapper fusion-column-has-shadow fusion-flex-justify-content-flex-start fusion-content-layout-column\"><div class=\"accordian fusion-accordian\" style=\"--awb-border-size:1px;--awb-icon-size:13px;--awb-content-font-size:15px;--awb-icon-alignment:left;--awb-hover-color:hsla(var(--awb-color7-h),var(--awb-color7-s),calc( var(--awb-color7-l) + 69% ),var(--awb-color7-a));--awb-border-color:hsla(var(--awb-color7-h),var(--awb-color7-s),calc( var(--awb-color7-l) + 51% ),var(--awb-color7-a));--awb-background-color:var(--awb-color1);--awb-divider-color:var(--awb-color3);--awb-divider-hover-color:var(--awb-color3);--awb-icon-color:var(--awb-color1);--awb-title-color:var(--awb-color8);--awb-content-color:var(--awb-color7);--awb-icon-box-color:hsla(var(--awb-color7-h),var(--awb-color7-s),calc( var(--awb-color7-l) - 9% ),var(--awb-color7-a));--awb-toggle-hover-accent-color:var(--awb-custom_color_1);--awb-title-font-family:&quot;Montserrat&quot;;--awb-title-font-weight:700;--awb-title-font-style:normal;--awb-title-font-size:15px;--awb-content-font-family:&quot;Karla&quot;;--awb-content-font-style:normal;--awb-content-font-weight:400;\"><div class=\"panel-group fusion-toggle-icon-boxed\" id=\"accordion-27479-1\"><div class=\"fusion-panel panel-default panel-d4c2867399d889a12 fusion-toggle-has-divider\"><div class=\"panel-heading\"><h4 class=\"panel-title toggle\" id=\"toggle_d4c2867399d889a12\"><a class=\"active\" aria-expanded=\"true\" aria-controls=\"d4c2867399d889a12\" role=\"button\" data-toggle=\"collapse\" data-parent=\"#accordion-27479-1\" data-target=\"#d4c2867399d889a12\" href=\"#d4c2867399d889a12\"><span class=\"fusion-toggle-icon-wrapper\" aria-hidden=\"true\"><i class=\"fa-fusion-box active-icon fa-angle-right fas\" aria-hidden=\"true\"><\/i><i class=\"fa-fusion-box inactive-icon fa-angle-right fas\" aria-hidden=\"true\"><\/i><\/span><span class=\"fusion-toggle-heading\">Servicio<\/span><\/a><\/h4><\/div><div id=\"d4c2867399d889a12\" class=\"panel-collapse collapse in\" aria-labelledby=\"toggle_d4c2867399d889a12\"><div class=\"panel-body toggle-content fusion-clearfix\">\n<p>\u25b6<a href=\"https:\/\/ledstripchannel.com\/service\/\">Promesa de servicio<\/a><\/p>\n<p><a href=\"https:\/\/ledstripchannel.com\/process-flow\/\"><span style=\"color: var(--awb-color7); background-color: var(--awb-color1); font-style: var(--body_typography-font-style,normal); letter-spacing: var(--body_typography-letter-spacing);\">\u25b6Flujo de procesos<\/span><\/a><\/p>\n<p><a href=\"https:\/\/ledstripchannel.com\/quality-management\/\">\u25b6Gesti\u00f3n de la calidad<\/a><\/p>\n<p><a href=\"https:\/\/ledstripchannel.com\/packing-details\/\">\u25b6Detalles del embalaje<\/a><\/p>\n<p><a href=\"https:\/\/ledstripchannel.com\/shipping-delivery\/\">\u25b6Env\u00edo y entrega<\/a><\/p>\n<p><a href=\"https:\/\/ledstripchannel.com\/payment-methods\/\">\u25b6Formas de pago<\/a><\/p>\n<p><a href=\"https:\/\/ledstripchannel.com\/sales-network\/\">\u25b6Red de ventas<\/a><\/p>\n<\/div><\/div><\/div><\/div><\/div><\/div><\/div><div class=\"fusion-layout-column fusion_builder_column fusion-builder-column-3 fusion_builder_column_1_5 1_5 fusion-flex-column fusion-no-large-visibility\" style=\"--awb-bg-size:cover;--awb-width-large:20%;--awb-margin-top-large:15px;--awb-spacing-right-large:9.6%;--awb-margin-bottom-large:15px;--awb-spacing-left-large:9.6%;--awb-width-medium:100%;--awb-order-medium:0;--awb-spacing-right-medium:1.92%;--awb-spacing-left-medium:1.92%;--awb-width-small:100%;--awb-order-small:0;--awb-spacing-right-small:1.92%;--awb-spacing-left-small:1.92%;\"><div class=\"fusion-column-wrapper fusion-column-has-shadow fusion-flex-justify-content-flex-start fusion-content-layout-column\"><div class=\"accordian fusion-accordian\" style=\"--awb-border-size:1px;--awb-icon-size:13px;--awb-content-font-size:15px;--awb-icon-alignment:left;--awb-hover-color:hsla(var(--awb-color7-h),var(--awb-color7-s),calc( var(--awb-color7-l) + 69% ),var(--awb-color7-a));--awb-border-color:hsla(var(--awb-color7-h),var(--awb-color7-s),calc( var(--awb-color7-l) + 51% ),var(--awb-color7-a));--awb-background-color:var(--awb-color1);--awb-divider-color:var(--awb-color3);--awb-divider-hover-color:var(--awb-color3);--awb-icon-color:var(--awb-color1);--awb-title-color:var(--awb-color8);--awb-content-color:var(--awb-color7);--awb-icon-box-color:hsla(var(--awb-color7-h),var(--awb-color7-s),calc( var(--awb-color7-l) - 9% ),var(--awb-color7-a));--awb-toggle-hover-accent-color:var(--awb-color5);--awb-title-font-family:&quot;Montserrat&quot;;--awb-title-font-weight:700;--awb-title-font-style:normal;--awb-title-font-size:15px;--awb-content-font-family:&quot;Karla&quot;;--awb-content-font-style:normal;--awb-content-font-weight:400;\"><div class=\"panel-group fusion-toggle-icon-boxed\" id=\"accordion-27479-2\"><div class=\"fusion-panel panel-default panel-69d83133acbe3cc50 fusion-toggle-has-divider\"><div class=\"panel-heading\"><h4 class=\"panel-title toggle\" id=\"toggle_69d83133acbe3cc50\"><a aria-expanded=\"false\" aria-controls=\"69d83133acbe3cc50\" role=\"button\" data-toggle=\"collapse\" data-parent=\"#accordion-27479-2\" data-target=\"#69d83133acbe3cc50\" href=\"#69d83133acbe3cc50\"><span class=\"fusion-toggle-icon-wrapper\" aria-hidden=\"true\"><i class=\"fa-fusion-box active-icon fa-angle-right fas\" aria-hidden=\"true\"><\/i><i class=\"fa-fusion-box inactive-icon fa-angle-right fas\" aria-hidden=\"true\"><\/i><\/span><span class=\"fusion-toggle-heading\">Servicio<\/span><\/a><\/h4><\/div><div id=\"69d83133acbe3cc50\" class=\"panel-collapse collapse \" aria-labelledby=\"toggle_69d83133acbe3cc50\"><div class=\"panel-body toggle-content fusion-clearfix\">\n<p>\u25b6<a href=\"https:\/\/ledstripchannel.com\/service\/\">Promesa de servicio<\/a><\/p>\n<p><a href=\"https:\/\/ledstripchannel.com\/process-flow\/\"><span style=\"color: var(--awb-color7); background-color: var(--awb-color1); font-style: var(--body_typography-font-style,normal); letter-spacing: var(--body_typography-letter-spacing);\">\u25b6Flujo de procesos<\/span><\/a><\/p>\n<p><a href=\"https:\/\/ledstripchannel.com\/quality-management\/\">\u25b6Gesti\u00f3n de la calidad<\/a><\/p>\n<p><a href=\"https:\/\/ledstripchannel.com\/packing-details\/\">\u25b6Detalles del embalaje<\/a><\/p>\n<p><a href=\"https:\/\/ledstripchannel.com\/shipping-delivery\/\">\u25b6Env\u00edo y entrega<\/a><\/p>\n<p><a href=\"https:\/\/ledstripchannel.com\/payment-methods\/\">\u25b6Formas de pago<\/a><\/p>\n<p><a href=\"https:\/\/ledstripchannel.com\/sales-network\/\">\u25b6Red de ventas<\/a><\/p>\n<\/div><\/div><\/div><\/div><\/div><\/div><\/div><div class=\"fusion-layout-column fusion_builder_column fusion-builder-column-4 fusion_builder_column_3_4 3_4 fusion-flex-column\" style=\"--awb-bg-size:cover;--awb-width-large:75%;--awb-margin-top-large:15px;--awb-spacing-right-large:2.56%;--awb-margin-bottom-large:15px;--awb-spacing-left-large:2.56%;--awb-width-medium:100%;--awb-order-medium:0;--awb-spacing-right-medium:1.92%;--awb-spacing-left-medium:1.92%;--awb-width-small:100%;--awb-order-small:0;--awb-spacing-right-small:1.92%;--awb-spacing-left-small:1.92%;\"><div class=\"fusion-column-wrapper fusion-column-has-shadow fusion-flex-justify-content-flex-start fusion-content-layout-column\"><div class=\"fusion-text fusion-text-1\"><p><b>El plazo de entrega <\/b><\/p>\n<p>3-6 d\u00edas laborables para muestras, 10-20 d\u00edas laborables para pedidos al por mayor en funci\u00f3n de la cantidad.<\/p>\n<p><b>M\u00e9todos de transporte<\/b><\/p>\n<p>Hay muchas formas de transporte para los canales de tiras LED, incluyendo el transporte mar\u00edtimo, el transporte ferroviario, el transporte a\u00e9reo, el transporte express y el transporte multimodal internacional que combina varios m\u00e9todos de transporte. A continuaci\u00f3n se indican varias formas utilizadas habitualmente.<\/p>\n<p>1\u3001Env\u00edo<br \/>\nEn el transporte internacional de canales de aluminio LED, el m\u00e1s utilizado es principalmente el transporte mar\u00edtimo, de gran volumen y bajo coste, por lo que es el modo de transporte m\u00e1s asequible.<\/p>\n<p>2\u3001Transporte urgente<br \/>\nExpress es muestras de canal de tira de LED y peque\u00f1os art\u00edculos de la utilizaci\u00f3n de la mayor\u00eda de un canal de transporte. Desempe\u00f1a un papel importante en el transporte de mercanc\u00edas importadas y exportadas en la primera transacci\u00f3n del cliente.<\/p>\n<\/div><div class=\"fusion-image-element fusion-no-small-visibility\" style=\"text-align:center;--awb-max-width:80%;--awb-caption-title-font-family:var(--h2_typography-font-family);--awb-caption-title-font-weight:var(--h2_typography-font-weight);--awb-caption-title-font-style:var(--h2_typography-font-style);--awb-caption-title-size:var(--h2_typography-font-size);--awb-caption-title-transform:var(--h2_typography-text-transform);--awb-caption-title-line-height:var(--h2_typography-line-height);--awb-caption-title-letter-spacing:var(--h2_typography-letter-spacing);\"><span class=\" fusion-imageframe imageframe-none imageframe-1 hover-type-none fusion-no-small-visibility\" class=\"image-magnify\" class=\"image-scroll\"><img decoding=\"async\" width=\"2340\" height=\"588\" alt=\"Env\u00edo - Entrega-1\" title=\"promo_box_3_bg\" src=\"data:image\/svg+xml,%3Csvg%20xmlns%3D%27http%3A%2F%2Fwww.w3.org%2F2000%2Fsvg%27%20width%3D%272340%27%20height%3D%27588%27%20viewBox%3D%270%200%202340%20588%27%3E%3Crect%20width%3D%272340%27%20height%3D%27588%27%20fill-opacity%3D%220%22%2F%3E%3C%2Fsvg%3E\" data-orig-src=\"https:\/\/ledstripchannel.com\/wp-content\/uploads\/2022\/11\/Shipping-Delivery-1-1.jpg\" class=\"lazyload img-responsive wp-image-22134\"\/><\/span><\/div><div class=\"fusion-image-element fusion-no-medium-visibility fusion-no-large-visibility\" style=\"--awb-caption-title-font-family:var(--h2_typography-font-family);--awb-caption-title-font-weight:var(--h2_typography-font-weight);--awb-caption-title-font-style:var(--h2_typography-font-style);--awb-caption-title-size:var(--h2_typography-font-size);--awb-caption-title-transform:var(--h2_typography-text-transform);--awb-caption-title-line-height:var(--h2_typography-line-height);--awb-caption-title-letter-spacing:var(--h2_typography-letter-spacing);\"><span class=\" fusion-imageframe imageframe-none imageframe-2 hover-type-none fusion-no-medium-visibility fusion-no-large-visibility\" class=\"image-magnify\" class=\"image-scroll\"><img decoding=\"async\" width=\"2340\" height=\"588\" alt=\"Env\u00edo - Entrega-1\" title=\"promo_box_3_bg\" src=\"data:image\/svg+xml,%3Csvg%20xmlns%3D%27http%3A%2F%2Fwww.w3.org%2F2000%2Fsvg%27%20width%3D%272340%27%20height%3D%27588%27%20viewBox%3D%270%200%202340%20588%27%3E%3Crect%20width%3D%272340%27%20height%3D%27588%27%20fill-opacity%3D%220%22%2F%3E%3C%2Fsvg%3E\" data-orig-src=\"https:\/\/ledstripchannel.com\/wp-content\/uploads\/2022\/11\/Shipping-Delivery-1-1.jpg\" class=\"lazyload img-responsive wp-image-22134\"\/><\/span><\/div><div class=\"fusion-text fusion-text-2\"><p>3. Transporte a\u00e9reo<br \/>\nEl transporte a\u00e9reo es un medio de transporte moderno. En comparaci\u00f3n con el transporte mar\u00edtimo y ferroviario, tiene las ventajas de la alta velocidad, la gran seguridad de las cargas, la ausencia de condiciones del terreno y otras ventajas. Por lo tanto, es el m\u00e1s adecuado para el transporte de productos de canal de aluminio LED con altos requisitos de tiempo y urgencia.<\/p>\n<p>4\u3001Transporte ferroviario<br \/>\nEn el transporte internacional por canal LED, el transporte por ferrocarril es el principal modo de transporte, s\u00f3lo superado por el transporte mar\u00edtimo. Las mercanc\u00edas importadas y exportadas por mar se concentran y dispersan sobre todo por ferrocarril.<\/p>\n<\/div><div class=\"fusion-image-element \" style=\"text-align:center;--awb-caption-title-font-family:var(--h2_typography-font-family);--awb-caption-title-font-weight:var(--h2_typography-font-weight);--awb-caption-title-font-style:var(--h2_typography-font-style);--awb-caption-title-size:var(--h2_typography-font-size);--awb-caption-title-transform:var(--h2_typography-text-transform);--awb-caption-title-line-height:var(--h2_typography-line-height);--awb-caption-title-letter-spacing:var(--h2_typography-letter-spacing);\"><span class=\" fusion-imageframe imageframe-glow imageframe-3 hover-type-none\" style=\"-webkit-box-shadow: 0 0 1px hsla(var(--awb-color7-h),var(--awb-color7-s),calc(var(--awb-color7-l) - 29%),var(--awb-color7-a));box-shadow: 0 0 1px hsla(var(--awb-color7-h),var(--awb-color7-s),calc(var(--awb-color7-l) - 29%),var(--awb-color7-a));\" class=\"image-magnify\" class=\"image-scroll\"><img decoding=\"async\" width=\"2340\" height=\"588\" alt=\"Env\u00edo - Entrega-2\" title=\"promo_box_3_bg\" src=\"data:image\/svg+xml,%3Csvg%20xmlns%3D%27http%3A%2F%2Fwww.w3.org%2F2000%2Fsvg%27%20width%3D%272340%27%20height%3D%27588%27%20viewBox%3D%270%200%202340%20588%27%3E%3Crect%20width%3D%272340%27%20height%3D%27588%27%20fill-opacity%3D%220%22%2F%3E%3C%2Fsvg%3E\" data-orig-src=\"https:\/\/ledstripchannel.com\/wp-content\/uploads\/2022\/11\/Shipping-Delivery-2-e1668174944104-1.jpg\" class=\"lazyload img-responsive wp-image-22134\"\/><\/span><\/div><\/div><\/div><\/div><\/div><\/p>\n","protected":false},"excerpt":{"rendered":"","protected":false},"author":1,"featured_media":0,"parent":0,"menu_order":0,"comment_status":"closed","ping_status":"closed","template":"100-width.php","meta":{"_acf_changed":false,"_seopress_robots_primary_cat":"","_seopress_titles_title":"Env\u00edo y entrega - LED Strip Channel","_seopress_titles_desc":"Perfil LED puede ser enviado por mar, aire, transporte ferroviario y entrega urgente, las opciones espec\u00edficas dependen de la cantidad de la orden de perfil LED.\n","_seopress_robots_index":"","footnotes":""},"class_list":["post-27479","page","type-page","status-publish","hentry"],"acf":[],"_links":{"self":[{"href":"https:\/\/www.ledstripchannel.com\/es\/wp-json\/wp\/v2\/pages\/27479","targetHints":{"allow":["GET"]}}],"collection":[{"href":"https:\/\/www.ledstripchannel.com\/es\/wp-json\/wp\/v2\/pages"}],"about":[{"href":"https:\/\/www.ledstripchannel.com\/es\/wp-json\/wp\/v2\/types\/page"}],"author":[{"embeddable":true,"href":"https:\/\/www.ledstripchannel.com\/es\/wp-json\/wp\/v2\/users\/1"}],"replies":[{"embeddable":true,"href":"https:\/\/www.ledstripchannel.com\/es\/wp-json\/wp\/v2\/comments?post=27479"}],"version-history":[{"count":7,"href":"https:\/\/www.ledstripchannel.com\/es\/wp-json\/wp\/v2\/pages\/27479\/revisions"}],"predecessor-version":[{"id":30268,"href":"https:\/\/www.ledstripchannel.com\/es\/wp-json\/wp\/v2\/pages\/27479\/revisions\/30268"}],"wp:attachment":[{"href":"https:\/\/www.ledstripchannel.com\/es\/wp-json\/wp\/v2\/media?parent=27479"}],"curies":[{"name":"wp","href":"https:\/\/api.w.org\/{rel}","templated":true}]}}