{"id":27455,"date":"2022-11-11T17:47:58","date_gmt":"2022-11-12T01:47:58","guid":{"rendered":"https:\/\/ledstripchannel.com\/formas-de-pago\/"},"modified":"2024-01-10T07:50:16","modified_gmt":"2024-01-10T07:50:16","slug":"formas-de-pago","status":"publish","type":"page","link":"https:\/\/www.ledstripchannel.com\/es\/formas-de-pago\/","title":{"rendered":"Formas de Pago"},"content":{"rendered":"<p><div class=\"fusion-fullwidth fullwidth-box fusion-builder-row-1 fusion-flex-container has-pattern-background has-mask-background fusion-parallax-none nonhundred-percent-fullwidth non-hundred-percent-height-scrolling fusion-no-small-visibility lazyload\" style=\"--awb-border-radius-top-left:0px;--awb-border-radius-top-right:0px;--awb-border-radius-bottom-right:0px;--awb-border-radius-bottom-left:0px;--awb-padding-top:115px;--awb-padding-bottom:18px;--awb-padding-top-small:22px;--awb-padding-bottom-small:0px;--awb-margin-top:-50px;--awb-margin-top-small:-50px;--awb-background-size:cover;\" data-bg=\"https:\/\/ledstripchannel.com\/wp-content\/uploads\/2022\/10\/Contact-Us.jpg\" ><div class=\"fusion-builder-row fusion-row fusion-flex-align-items-flex-start\" style=\"max-width:1216.8px;margin-left: calc(-4% \/ 2 );margin-right: calc(-4% \/ 2 );\"><div class=\"fusion-layout-column fusion_builder_column fusion-builder-column-0 fusion_builder_column_1_1 1_1 fusion-flex-column\" style=\"--awb-bg-size:cover;--awb-width-large:100%;--awb-margin-top-large:15px;--awb-spacing-right-large:1.92%;--awb-margin-bottom-large:15px;--awb-spacing-left-large:1.92%;--awb-width-medium:100%;--awb-order-medium:0;--awb-spacing-right-medium:1.92%;--awb-spacing-left-medium:1.92%;--awb-width-small:100%;--awb-order-small:0;--awb-spacing-right-small:1.92%;--awb-spacing-left-small:1.92%;\"><div class=\"fusion-column-wrapper fusion-column-has-shadow fusion-flex-justify-content-flex-start fusion-content-layout-column\"><div class=\"fusion-title title fusion-title-1 fusion-title-center fusion-title-text fusion-title-size-one\" style=\"--awb-text-color:var(--awb-color1);\"><div class=\"title-sep-container title-sep-container-left\"><div class=\"title-sep sep- sep-solid\" style=\"border-color:var(--awb-color3);\"><\/div><\/div><span class=\"awb-title-spacer\"><\/span><h1 class=\"title-heading-center fusion-responsive-typography-calculated\" style=\"font-family:Arial, Helvetica, sans-serif;font-style:normal;font-weight:400;margin:0;--fontSize:50;line-height:var(--awb-typography1-line-height);\">Formas de Pago<\/h1><span class=\"awb-title-spacer\"><\/span><div class=\"title-sep-container title-sep-container-right\"><div class=\"title-sep sep- sep-solid\" style=\"border-color:var(--awb-color3);\"><\/div><\/div><\/div><div class=\"fusion-breadcrumbs fusion-breadcrumbs-1\" style=\"--awb-alignment:center;--awb-text-hover-color:var(--awb-custom_color_1);--awb-text-color:var(--awb-color1);text-align:center;\"><span class=\"fusion-breadcrumb-item\"><a href=\"https:\/\/www.ledstripchannel.com\/es\/\" class=\"fusion-breadcrumb-link\"><span >Home<\/span><\/a><\/span><span class=\"fusion-breadcrumb-sep\">\/<\/span><\/div><\/div><\/div><\/div><\/div><div class=\"fusion-fullwidth fullwidth-box fusion-builder-row-2 fusion-flex-container has-pattern-background has-mask-background fusion-parallax-none nonhundred-percent-fullwidth non-hundred-percent-height-scrolling fusion-no-medium-visibility fusion-no-large-visibility lazyload\" style=\"--awb-border-radius-top-left:0px;--awb-border-radius-top-right:0px;--awb-border-radius-bottom-right:0px;--awb-border-radius-bottom-left:0px;--awb-padding-top:151px;--awb-padding-bottom:26px;--awb-padding-top-small:20px;--awb-padding-bottom-small:0px;--awb-margin-top:-50px;--awb-margin-top-small:-50px;--awb-background-size:cover;\" data-bg=\"https:\/\/ledstripchannel.com\/wp-content\/uploads\/2022\/10\/Contact-Us.jpg\" ><div class=\"fusion-builder-row fusion-row fusion-flex-align-items-flex-start\" style=\"max-width:1216.8px;margin-left: calc(-4% \/ 2 );margin-right: calc(-4% \/ 2 );\"><div class=\"fusion-layout-column fusion_builder_column fusion-builder-column-1 fusion_builder_column_1_1 1_1 fusion-flex-column\" style=\"--awb-bg-size:cover;--awb-width-large:100%;--awb-margin-top-large:15px;--awb-spacing-right-large:1.92%;--awb-margin-bottom-large:15px;--awb-spacing-left-large:1.92%;--awb-width-medium:100%;--awb-order-medium:0;--awb-spacing-right-medium:1.92%;--awb-spacing-left-medium:1.92%;--awb-width-small:100%;--awb-order-small:0;--awb-spacing-right-small:1.92%;--awb-spacing-left-small:1.92%;\"><div class=\"fusion-column-wrapper fusion-column-has-shadow fusion-flex-justify-content-flex-start fusion-content-layout-column\"><div class=\"fusion-title title fusion-title-2 fusion-title-center fusion-title-text fusion-title-size-one\" style=\"--awb-text-color:var(--awb-color1);\"><div class=\"title-sep-container title-sep-container-left\"><div class=\"title-sep sep- sep-solid\" style=\"border-color:var(--awb-color3);\"><\/div><\/div><span class=\"awb-title-spacer\"><\/span><h1 class=\"title-heading-center fusion-responsive-typography-calculated\" style=\"font-family:Arial, Helvetica, sans-serif;font-style:normal;font-weight:400;margin:0;--fontSize:50;line-height:var(--awb-typography1-line-height);\">Formas de Pago<\/h1><span class=\"awb-title-spacer\"><\/span><div class=\"title-sep-container title-sep-container-right\"><div class=\"title-sep sep- sep-solid\" style=\"border-color:var(--awb-color3);\"><\/div><\/div><\/div><div class=\"fusion-breadcrumbs fusion-breadcrumbs-2\" style=\"--awb-alignment:center;--awb-text-hover-color:var(--awb-custom_color_1);--awb-text-color:var(--awb-color1);text-align:center;\"><span class=\"fusion-breadcrumb-item\"><a href=\"https:\/\/www.ledstripchannel.com\/es\/\" class=\"fusion-breadcrumb-link\"><span >Home<\/span><\/a><\/span><span class=\"fusion-breadcrumb-sep\">\/<\/span><\/div><\/div><\/div><\/div><\/div><div class=\"fusion-fullwidth fullwidth-box fusion-builder-row-3 fusion-flex-container has-pattern-background has-mask-background nonhundred-percent-fullwidth non-hundred-percent-height-scrolling\" style=\"--awb-border-radius-top-left:0px;--awb-border-radius-top-right:0px;--awb-border-radius-bottom-right:0px;--awb-border-radius-bottom-left:0px;--awb-padding-right:0px;--awb-padding-left:0px;\" ><div class=\"fusion-builder-row fusion-row fusion-flex-align-items-flex-start\" style=\"max-width:1216.8px;margin-left: calc(-4% \/ 2 );margin-right: calc(-4% \/ 2 );\"><div class=\"fusion-layout-column fusion_builder_column fusion-builder-column-2 fusion_builder_column_1_4 1_4 fusion-flex-column fusion-no-small-visibility fusion-no-medium-visibility\" style=\"--awb-bg-size:cover;--awb-width-large:25%;--awb-margin-top-large:15px;--awb-spacing-right-large:7.68%;--awb-margin-bottom-large:15px;--awb-spacing-left-large:7.68%;--awb-width-medium:100%;--awb-order-medium:0;--awb-spacing-right-medium:1.92%;--awb-spacing-left-medium:1.92%;--awb-width-small:100%;--awb-order-small:0;--awb-spacing-right-small:1.92%;--awb-spacing-left-small:1.92%;\"><div class=\"fusion-column-wrapper fusion-column-has-shadow fusion-flex-justify-content-flex-start fusion-content-layout-column\"><div class=\"accordian fusion-accordian\" style=\"--awb-border-size:1px;--awb-icon-size:13px;--awb-content-font-size:15px;--awb-icon-alignment:left;--awb-hover-color:hsla(var(--awb-color7-h),var(--awb-color7-s),calc( var(--awb-color7-l) + 69% ),var(--awb-color7-a));--awb-border-color:hsla(var(--awb-color7-h),var(--awb-color7-s),calc( var(--awb-color7-l) + 51% ),var(--awb-color7-a));--awb-background-color:var(--awb-color1);--awb-divider-color:var(--awb-color3);--awb-divider-hover-color:var(--awb-color3);--awb-icon-color:var(--awb-color1);--awb-title-color:var(--awb-color8);--awb-content-color:var(--awb-color7);--awb-icon-box-color:hsla(var(--awb-color7-h),var(--awb-color7-s),calc( var(--awb-color7-l) - 9% ),var(--awb-color7-a));--awb-toggle-hover-accent-color:var(--awb-custom_color_1);--awb-title-font-family:&quot;Montserrat&quot;;--awb-title-font-weight:700;--awb-title-font-style:normal;--awb-title-font-size:15px;--awb-content-font-family:&quot;Karla&quot;;--awb-content-font-style:normal;--awb-content-font-weight:400;\"><div class=\"panel-group fusion-toggle-icon-boxed\" id=\"accordion-27455-1\"><div class=\"fusion-panel panel-default panel-1fac2ef6d3665dadb fusion-toggle-has-divider\"><div class=\"panel-heading\"><h4 class=\"panel-title toggle\" id=\"toggle_1fac2ef6d3665dadb\"><a class=\"active\" aria-expanded=\"true\" aria-controls=\"1fac2ef6d3665dadb\" role=\"button\" data-toggle=\"collapse\" data-parent=\"#accordion-27455-1\" data-target=\"#1fac2ef6d3665dadb\" href=\"#1fac2ef6d3665dadb\"><span class=\"fusion-toggle-icon-wrapper\" aria-hidden=\"true\"><i class=\"fa-fusion-box active-icon fa-angle-right fas\" aria-hidden=\"true\"><\/i><i class=\"fa-fusion-box inactive-icon fa-angle-right fas\" aria-hidden=\"true\"><\/i><\/span><span class=\"fusion-toggle-heading\">Servicio<\/span><\/a><\/h4><\/div><div id=\"1fac2ef6d3665dadb\" class=\"panel-collapse collapse in\" aria-labelledby=\"toggle_1fac2ef6d3665dadb\"><div class=\"panel-body toggle-content fusion-clearfix\">\n<p>\u25b6<a href=\"https:\/\/ledstripchannel.com\/service\/\">Promesa de Servicio<\/a><\/p>\n<p><a href=\"https:\/\/ledstripchannel.com\/process-flow\/\"><span style=\"color: var(--awb-color7); background-color: var(--awb-color1); font-style: var(--body_typography-font-style,normal); letter-spacing: var(--body_typography-letter-spacing);\">\u25b6Flujo de Procesos<\/span><\/a><\/p>\n<p><a href=\"https:\/\/ledstripchannel.com\/quality-management\/\">\u25b6Gesti\u00f3n de la Calidad<\/a><\/p>\n<p><a href=\"https:\/\/ledstripchannel.com\/packing-details\/\">\u25b6Detalles del Embalaje<\/a><\/p>\n<p><a href=\"https:\/\/ledstripchannel.com\/shipping-delivery\/\">\u25b6Env\u00edo y Entrega<\/a><\/p>\n<p><a href=\"https:\/\/ledstripchannel.com\/payment-methods\/\">\u25b6Formas de Pago<\/a><\/p>\n<p><a href=\"https:\/\/ledstripchannel.com\/sales-network\/\">\u25b6Red de Ventas<\/a><\/p>\n<\/div><\/div><\/div><\/div><\/div><\/div><\/div><div class=\"fusion-layout-column fusion_builder_column fusion-builder-column-3 fusion_builder_column_1_4 1_4 fusion-flex-column fusion-no-large-visibility\" style=\"--awb-bg-size:cover;--awb-width-large:25%;--awb-margin-top-large:15px;--awb-spacing-right-large:7.68%;--awb-margin-bottom-large:15px;--awb-spacing-left-large:7.68%;--awb-width-medium:100%;--awb-order-medium:0;--awb-spacing-right-medium:1.92%;--awb-spacing-left-medium:1.92%;--awb-width-small:100%;--awb-order-small:0;--awb-spacing-right-small:1.92%;--awb-spacing-left-small:1.92%;\"><div class=\"fusion-column-wrapper fusion-column-has-shadow fusion-flex-justify-content-flex-start fusion-content-layout-column\"><div class=\"accordian fusion-accordian\" style=\"--awb-border-size:1px;--awb-icon-size:13px;--awb-content-font-size:15px;--awb-icon-alignment:left;--awb-hover-color:hsla(var(--awb-color7-h),var(--awb-color7-s),calc( var(--awb-color7-l) + 69% ),var(--awb-color7-a));--awb-border-color:hsla(var(--awb-color7-h),var(--awb-color7-s),calc( var(--awb-color7-l) + 51% ),var(--awb-color7-a));--awb-background-color:var(--awb-color1);--awb-divider-color:var(--awb-color3);--awb-divider-hover-color:var(--awb-color3);--awb-icon-color:var(--awb-color1);--awb-title-color:var(--awb-color8);--awb-content-color:var(--awb-color7);--awb-icon-box-color:hsla(var(--awb-color7-h),var(--awb-color7-s),calc( var(--awb-color7-l) - 9% ),var(--awb-color7-a));--awb-toggle-hover-accent-color:var(--awb-color5);--awb-title-font-family:&quot;Montserrat&quot;;--awb-title-font-weight:700;--awb-title-font-style:normal;--awb-title-font-size:15px;--awb-content-font-family:&quot;Karla&quot;;--awb-content-font-style:normal;--awb-content-font-weight:400;\"><div class=\"panel-group fusion-toggle-icon-boxed\" id=\"accordion-27455-2\"><div class=\"fusion-panel panel-default panel-a3fd11669209f2ce1 fusion-toggle-has-divider\"><div class=\"panel-heading\"><h4 class=\"panel-title toggle\" id=\"toggle_a3fd11669209f2ce1\"><a aria-expanded=\"false\" aria-controls=\"a3fd11669209f2ce1\" role=\"button\" data-toggle=\"collapse\" data-parent=\"#accordion-27455-2\" data-target=\"#a3fd11669209f2ce1\" href=\"#a3fd11669209f2ce1\"><span class=\"fusion-toggle-icon-wrapper\" aria-hidden=\"true\"><i class=\"fa-fusion-box active-icon fa-angle-right fas\" aria-hidden=\"true\"><\/i><i class=\"fa-fusion-box inactive-icon fa-angle-right fas\" aria-hidden=\"true\"><\/i><\/span><span class=\"fusion-toggle-heading\">Servicio<\/span><\/a><\/h4><\/div><div id=\"a3fd11669209f2ce1\" class=\"panel-collapse collapse \" aria-labelledby=\"toggle_a3fd11669209f2ce1\"><div class=\"panel-body toggle-content fusion-clearfix\">\n<p>\u25b6<a href=\"https:\/\/ledstripchannel.com\/service\/\">Promesa de Servicio<\/a><\/p>\n<p><a href=\"https:\/\/ledstripchannel.com\/process-flow\/\"><span style=\"color: var(--awb-color7); background-color: var(--awb-color1); font-style: var(--body_typography-font-style,normal); letter-spacing: var(--body_typography-letter-spacing);\">\u25b6Flujo de Procesos<\/span><\/a><\/p>\n<p><a href=\"https:\/\/ledstripchannel.com\/quality-management\/\">\u25b6Gesti\u00f3n de la Calidad<\/a><\/p>\n<p><a href=\"https:\/\/ledstripchannel.com\/packing-details\/\">\u25b6Detalles del Embalaje<\/a><\/p>\n<p><a href=\"https:\/\/ledstripchannel.com\/shipping-delivery\/\">\u25b6Env\u00edo y Entrega<\/a><\/p>\n<p><a href=\"https:\/\/ledstripchannel.com\/payment-methods\/\">\u25b6Formas de Pago<\/a><\/p>\n<p><a href=\"https:\/\/ledstripchannel.com\/sales-network\/\">\u25b6Red de Ventas<\/a><\/p>\n<\/div><\/div><\/div><\/div><\/div><\/div><\/div><div class=\"fusion-layout-column fusion_builder_column fusion-builder-column-4 fusion_builder_column_3_4 3_4 fusion-flex-column\" style=\"--awb-bg-size:cover;--awb-width-large:75%;--awb-margin-top-large:15px;--awb-spacing-right-large:0%;--awb-margin-bottom-large:-20px;--awb-spacing-left-large:2.56%;--awb-width-medium:100%;--awb-order-medium:0;--awb-spacing-right-medium:1.92%;--awb-spacing-left-medium:1.92%;--awb-width-small:100%;--awb-order-small:0;--awb-margin-top-small:0px;--awb-spacing-right-small:17px;--awb-spacing-left-small:17px;\"><div class=\"fusion-column-wrapper fusion-column-has-shadow fusion-flex-justify-content-flex-start fusion-content-layout-column\"><div class=\"fusion-text fusion-text-1\" style=\"--awb-text-font-family:&quot;Roboto&quot;;--awb-text-font-style:normal;--awb-text-font-weight:400;\"><p><b>Forma de pago:<\/b><\/p>\n<p class=\"title\">Aceptamos tipos de m\u00e9todos de pago, diferentes pa\u00edses tienen diferentes m\u00e9todos de pago, por ejemplo: T\/T, XTransfer, PayPal, Alibaba y as\u00ed sucesivamente, estos m\u00e9todos de pago son seguros y garantizados.<\/p>\n<\/div><div class=\"fusion-image-element \" style=\"--awb-caption-title-font-family:var(--h2_typography-font-family);--awb-caption-title-font-weight:var(--h2_typography-font-weight);--awb-caption-title-font-style:var(--h2_typography-font-style);--awb-caption-title-size:var(--h2_typography-font-size);--awb-caption-title-transform:var(--h2_typography-text-transform);--awb-caption-title-line-height:var(--h2_typography-line-height);--awb-caption-title-letter-spacing:var(--h2_typography-letter-spacing);\"><span class=\" fusion-imageframe imageframe-none imageframe-1 hover-type-none\" class=\"image-magnify\" class=\"image-scroll\"><img decoding=\"async\" width=\"1584\" height=\"984\" title=\"new_hype_collection_bg\" src=\"data:image\/svg+xml,%3Csvg%20xmlns%3D%27http%3A%2F%2Fwww.w3.org%2F2000%2Fsvg%27%20width%3D%271584%27%20height%3D%27984%27%20viewBox%3D%270%200%201584%20984%27%3E%3Crect%20width%3D%271584%27%20height%3D%27984%27%20fill-opacity%3D%220%22%2F%3E%3C%2Fsvg%3E\" data-orig-src=\"https:\/\/ledstripchannel.com\/wp-content\/uploads\/2022\/11\/Payment-Methods-1-1.jpg\" alt class=\"lazyload img-responsive wp-image-22156\"\/><\/span><\/div><div class=\"fusion-text fusion-text-2\" style=\"--awb-text-font-family:&quot;Roboto&quot;;--awb-text-font-style:normal;--awb-text-font-weight:400;\"><p class=\"title\"><b>Condiciones de pago:<\/b><\/p>\n<p class=\"title\">T\/T 100% despu\u00e9s de PI confirmado o dep\u00f3sito del 30%, saldo 70% antes del env\u00edo.<\/p>\n<\/div><div class=\"fusion-image-element \" style=\"--awb-caption-title-font-family:var(--h2_typography-font-family);--awb-caption-title-font-weight:var(--h2_typography-font-weight);--awb-caption-title-font-style:var(--h2_typography-font-style);--awb-caption-title-size:var(--h2_typography-font-size);--awb-caption-title-transform:var(--h2_typography-text-transform);--awb-caption-title-line-height:var(--h2_typography-line-height);--awb-caption-title-letter-spacing:var(--h2_typography-letter-spacing);\"><span class=\" fusion-imageframe imageframe-none imageframe-2 hover-type-none\" class=\"image-magnify\" class=\"image-scroll\"><img decoding=\"async\" width=\"1584\" height=\"984\" title=\"new_hype_collection_bg\" src=\"data:image\/svg+xml,%3Csvg%20xmlns%3D%27http%3A%2F%2Fwww.w3.org%2F2000%2Fsvg%27%20width%3D%271584%27%20height%3D%27984%27%20viewBox%3D%270%200%201584%20984%27%3E%3Crect%20width%3D%271584%27%20height%3D%27984%27%20fill-opacity%3D%220%22%2F%3E%3C%2Fsvg%3E\" data-orig-src=\"https:\/\/ledstripchannel.com\/wp-content\/uploads\/2022\/11\/Payment-Methods-2-1.jpg\" alt class=\"lazyload img-responsive wp-image-22156\"\/><\/span><\/div><\/div><\/div><\/div><\/div><\/p>\n","protected":false},"excerpt":{"rendered":"","protected":false},"author":1,"featured_media":0,"parent":0,"menu_order":0,"comment_status":"closed","ping_status":"closed","template":"100-width.php","meta":{"_acf_changed":false,"_seopress_robots_primary_cat":"","_seopress_titles_title":"Formas de Pago - Canal de Tiras LED","_seopress_titles_desc":"Nuestro canal de tiras LED admite muchos tipos de m\u00e9todos de pago seguros,\nPueden ofrecer la garant\u00eda m\u00e1s segura para su compra de canal de aluminio LED.","_seopress_robots_index":"","footnotes":""},"class_list":["post-27455","page","type-page","status-publish","hentry"],"acf":[],"_links":{"self":[{"href":"https:\/\/www.ledstripchannel.com\/es\/wp-json\/wp\/v2\/pages\/27455","targetHints":{"allow":["GET"]}}],"collection":[{"href":"https:\/\/www.ledstripchannel.com\/es\/wp-json\/wp\/v2\/pages"}],"about":[{"href":"https:\/\/www.ledstripchannel.com\/es\/wp-json\/wp\/v2\/types\/page"}],"author":[{"embeddable":true,"href":"https:\/\/www.ledstripchannel.com\/es\/wp-json\/wp\/v2\/users\/1"}],"replies":[{"embeddable":true,"href":"https:\/\/www.ledstripchannel.com\/es\/wp-json\/wp\/v2\/comments?post=27455"}],"version-history":[{"count":7,"href":"https:\/\/www.ledstripchannel.com\/es\/wp-json\/wp\/v2\/pages\/27455\/revisions"}],"predecessor-version":[{"id":30243,"href":"https:\/\/www.ledstripchannel.com\/es\/wp-json\/wp\/v2\/pages\/27455\/revisions\/30243"}],"wp:attachment":[{"href":"https:\/\/www.ledstripchannel.com\/es\/wp-json\/wp\/v2\/media?parent=27455"}],"curies":[{"name":"wp","href":"https:\/\/api.w.org\/{rel}","templated":true}]}}