{"id":27452,"date":"2022-11-11T13:15:09","date_gmt":"2022-11-11T13:15:09","guid":{"rendered":"https:\/\/ledstripchannel.com\/detalles-del-embalaje\/"},"modified":"2024-01-10T07:47:49","modified_gmt":"2024-01-10T07:47:49","slug":"detalles-del-embalaje","status":"publish","type":"page","link":"https:\/\/www.ledstripchannel.com\/es\/detalles-del-embalaje\/","title":{"rendered":"Detalles del Embalaje"},"content":{"rendered":"<p><div class=\"fusion-fullwidth fullwidth-box fusion-builder-row-1 fusion-flex-container has-pattern-background has-mask-background fusion-parallax-none nonhundred-percent-fullwidth non-hundred-percent-height-scrolling fusion-no-small-visibility lazyload\" style=\"--awb-border-radius-top-left:0px;--awb-border-radius-top-right:0px;--awb-border-radius-bottom-right:0px;--awb-border-radius-bottom-left:0px;--awb-padding-top:186px;--awb-padding-bottom:16px;--awb-padding-top-small:22px;--awb-padding-bottom-small:0px;--awb-margin-top:-50px;--awb-margin-top-small:-50px;--awb-background-size:cover;\" data-bg=\"https:\/\/ledstripchannel.com\/wp-content\/uploads\/2022\/10\/Contact-Us.jpg\" ><div class=\"fusion-builder-row fusion-row fusion-flex-align-items-flex-start\" style=\"max-width:1216.8px;margin-left: calc(-4% \/ 2 );margin-right: calc(-4% \/ 2 );\"><div class=\"fusion-layout-column fusion_builder_column fusion-builder-column-0 fusion_builder_column_1_1 1_1 fusion-flex-column\" style=\"--awb-bg-size:cover;--awb-width-large:100%;--awb-margin-top-large:15px;--awb-spacing-right-large:1.92%;--awb-margin-bottom-large:15px;--awb-spacing-left-large:1.92%;--awb-width-medium:100%;--awb-order-medium:0;--awb-spacing-right-medium:1.92%;--awb-spacing-left-medium:1.92%;--awb-width-small:100%;--awb-order-small:0;--awb-spacing-right-small:1.92%;--awb-spacing-left-small:1.92%;\"><div class=\"fusion-column-wrapper fusion-column-has-shadow fusion-flex-justify-content-flex-start fusion-content-layout-column\"><div class=\"fusion-title title fusion-title-1 fusion-title-center fusion-title-text fusion-title-size-one\" style=\"--awb-text-color:var(--awb-color1);\"><div class=\"title-sep-container title-sep-container-left\"><div class=\"title-sep sep- sep-solid\" style=\"border-color:var(--awb-color3);\"><\/div><\/div><span class=\"awb-title-spacer\"><\/span><h1 class=\"title-heading-center fusion-responsive-typography-calculated\" style=\"font-family:Arial, Helvetica, sans-serif;font-style:normal;font-weight:400;margin:0;--fontSize:50;line-height:var(--awb-typography1-line-height);\">Detalles del Embalaje<\/h1><span class=\"awb-title-spacer\"><\/span><div class=\"title-sep-container title-sep-container-right\"><div class=\"title-sep sep- sep-solid\" style=\"border-color:var(--awb-color3);\"><\/div><\/div><\/div><div class=\"fusion-breadcrumbs fusion-breadcrumbs-1\" style=\"--awb-alignment:center;--awb-text-hover-color:var(--awb-custom_color_1);--awb-text-color:var(--awb-color1);text-align:center;\"><span class=\"fusion-breadcrumb-item\"><a href=\"https:\/\/www.ledstripchannel.com\/es\/\" class=\"fusion-breadcrumb-link\"><span >Home<\/span><\/a><\/span><span class=\"fusion-breadcrumb-sep\">\/<\/span><\/div><\/div><\/div><\/div><\/div><div class=\"fusion-fullwidth fullwidth-box fusion-builder-row-2 fusion-flex-container has-pattern-background has-mask-background fusion-parallax-none nonhundred-percent-fullwidth non-hundred-percent-height-scrolling fusion-no-medium-visibility fusion-no-large-visibility lazyload\" style=\"--awb-border-radius-top-left:0px;--awb-border-radius-top-right:0px;--awb-border-radius-bottom-right:0px;--awb-border-radius-bottom-left:0px;--awb-padding-top:151px;--awb-padding-bottom:26px;--awb-padding-top-small:22px;--awb-padding-bottom-small:0px;--awb-margin-top:-50px;--awb-margin-top-small:-50px;--awb-background-size:cover;\" data-bg=\"https:\/\/ledstripchannel.com\/wp-content\/uploads\/2022\/10\/Contact-Us.jpg\" ><div class=\"fusion-builder-row fusion-row fusion-flex-align-items-flex-start\" style=\"max-width:1216.8px;margin-left: calc(-4% \/ 2 );margin-right: calc(-4% \/ 2 );\"><div class=\"fusion-layout-column fusion_builder_column fusion-builder-column-1 fusion_builder_column_1_1 1_1 fusion-flex-column\" style=\"--awb-bg-size:cover;--awb-width-large:100%;--awb-margin-top-large:15px;--awb-spacing-right-large:1.92%;--awb-margin-bottom-large:15px;--awb-spacing-left-large:1.92%;--awb-width-medium:100%;--awb-order-medium:0;--awb-spacing-right-medium:1.92%;--awb-spacing-left-medium:1.92%;--awb-width-small:100%;--awb-order-small:0;--awb-spacing-right-small:1.92%;--awb-spacing-left-small:1.92%;\"><div class=\"fusion-column-wrapper fusion-column-has-shadow fusion-flex-justify-content-flex-start fusion-content-layout-column\"><div class=\"fusion-title title fusion-title-2 fusion-title-center fusion-title-text fusion-title-size-one\" style=\"--awb-text-color:var(--awb-color1);\"><div class=\"title-sep-container title-sep-container-left\"><div class=\"title-sep sep- sep-solid\" style=\"border-color:var(--awb-color3);\"><\/div><\/div><span class=\"awb-title-spacer\"><\/span><h1 class=\"title-heading-center fusion-responsive-typography-calculated\" style=\"font-family:Arial, Helvetica, sans-serif;font-style:normal;font-weight:400;margin:0;--fontSize:50;line-height:var(--awb-typography1-line-height);\">Detalles del Embalaje<\/h1><span class=\"awb-title-spacer\"><\/span><div class=\"title-sep-container title-sep-container-right\"><div class=\"title-sep sep- sep-solid\" style=\"border-color:var(--awb-color3);\"><\/div><\/div><\/div><div class=\"fusion-breadcrumbs fusion-breadcrumbs-2\" style=\"--awb-alignment:center;--awb-text-hover-color:var(--awb-custom_color_1);--awb-text-color:var(--awb-color1);text-align:center;\"><span class=\"fusion-breadcrumb-item\"><a href=\"https:\/\/www.ledstripchannel.com\/es\/\" class=\"fusion-breadcrumb-link\"><span >Home<\/span><\/a><\/span><span class=\"fusion-breadcrumb-sep\">\/<\/span><\/div><\/div><\/div><\/div><\/div><div class=\"fusion-fullwidth fullwidth-box fusion-builder-row-3 fusion-flex-container has-pattern-background has-mask-background nonhundred-percent-fullwidth non-hundred-percent-height-scrolling\" style=\"--awb-border-radius-top-left:0px;--awb-border-radius-top-right:0px;--awb-border-radius-bottom-right:0px;--awb-border-radius-bottom-left:0px;\" ><div class=\"fusion-builder-row fusion-row fusion-flex-align-items-flex-start\" style=\"max-width:1216.8px;margin-left: calc(-4% \/ 2 );margin-right: calc(-4% \/ 2 );\"><div class=\"fusion-layout-column fusion_builder_column fusion-builder-column-2 fusion_builder_column_1_5 1_5 fusion-flex-column fusion-no-small-visibility fusion-no-medium-visibility\" style=\"--awb-bg-size:cover;--awb-width-large:20%;--awb-margin-top-large:15px;--awb-spacing-right-large:9.6%;--awb-margin-bottom-large:15px;--awb-spacing-left-large:9.6%;--awb-width-medium:100%;--awb-order-medium:0;--awb-spacing-right-medium:1.92%;--awb-spacing-left-medium:1.92%;--awb-width-small:100%;--awb-order-small:0;--awb-spacing-right-small:1.92%;--awb-spacing-left-small:1.92%;\"><div class=\"fusion-column-wrapper fusion-column-has-shadow fusion-flex-justify-content-flex-start fusion-content-layout-column\"><div class=\"accordian fusion-accordian\" style=\"--awb-border-size:1px;--awb-icon-size:13px;--awb-content-font-size:15px;--awb-icon-alignment:left;--awb-hover-color:hsla(var(--awb-color7-h),var(--awb-color7-s),calc( var(--awb-color7-l) + 69% ),var(--awb-color7-a));--awb-border-color:hsla(var(--awb-color7-h),var(--awb-color7-s),calc( var(--awb-color7-l) + 51% ),var(--awb-color7-a));--awb-background-color:var(--awb-color1);--awb-divider-color:var(--awb-color3);--awb-divider-hover-color:var(--awb-color3);--awb-icon-color:var(--awb-color1);--awb-title-color:var(--awb-color8);--awb-content-color:var(--awb-color7);--awb-icon-box-color:hsla(var(--awb-color7-h),var(--awb-color7-s),calc( var(--awb-color7-l) - 9% ),var(--awb-color7-a));--awb-toggle-hover-accent-color:var(--awb-custom_color_1);--awb-title-font-family:&quot;Montserrat&quot;;--awb-title-font-weight:700;--awb-title-font-style:normal;--awb-title-font-size:15px;--awb-content-font-family:&quot;Karla&quot;;--awb-content-font-style:normal;--awb-content-font-weight:400;\"><div class=\"panel-group fusion-toggle-icon-boxed\" id=\"accordion-27452-1\"><div class=\"fusion-panel panel-default panel-9a729c3d85d5d9d5b fusion-toggle-has-divider\"><div class=\"panel-heading\"><h4 class=\"panel-title toggle\" id=\"toggle_9a729c3d85d5d9d5b\"><a class=\"active\" aria-expanded=\"true\" aria-controls=\"9a729c3d85d5d9d5b\" role=\"button\" data-toggle=\"collapse\" data-parent=\"#accordion-27452-1\" data-target=\"#9a729c3d85d5d9d5b\" href=\"#9a729c3d85d5d9d5b\"><span class=\"fusion-toggle-icon-wrapper\" aria-hidden=\"true\"><i class=\"fa-fusion-box active-icon fa-angle-right fas\" aria-hidden=\"true\"><\/i><i class=\"fa-fusion-box inactive-icon fa-angle-right fas\" aria-hidden=\"true\"><\/i><\/span><span class=\"fusion-toggle-heading\">Servicio<\/span><\/a><\/h4><\/div><div id=\"9a729c3d85d5d9d5b\" class=\"panel-collapse collapse in\" aria-labelledby=\"toggle_9a729c3d85d5d9d5b\"><div class=\"panel-body toggle-content fusion-clearfix\">\n<p>\u25b6<a href=\"https:\/\/ledstripchannel.com\/service\/\">Promesa de Servicio<\/a><\/p>\n<p><a href=\"https:\/\/ledstripchannel.com\/process-flow\/\"><span style=\"color: var(--awb-color7); background-color: var(--awb-color1); font-style: var(--body_typography-font-style,normal); letter-spacing: var(--body_typography-letter-spacing);\">\u25b6Flujo de Procesos<\/span><\/a><\/p>\n<p><a href=\"https:\/\/ledstripchannel.com\/quality-management\/\">\u25b6Gesti\u00f3n de la Calidad<\/a><\/p>\n<p><a href=\"https:\/\/ledstripchannel.com\/packing-details\/\">\u25b6Detalles del Embalaje<\/a><\/p>\n<p><a href=\"https:\/\/ledstripchannel.com\/shipping-delivery\/\">\u25b6Env\u00edo y Entrega<\/a><\/p>\n<p><a href=\"https:\/\/ledstripchannel.com\/payment-methods\/\">\u25b6Formas de Pago<\/a><\/p>\n<p><a href=\"https:\/\/ledstripchannel.com\/sales-network\/\">\u25b6Red de Ventas<\/a><\/p>\n<\/div><\/div><\/div><\/div><\/div><\/div><\/div><div class=\"fusion-layout-column fusion_builder_column fusion-builder-column-3 fusion_builder_column_1_5 1_5 fusion-flex-column fusion-no-large-visibility\" style=\"--awb-bg-size:cover;--awb-width-large:20%;--awb-margin-top-large:15px;--awb-spacing-right-large:9.6%;--awb-margin-bottom-large:15px;--awb-spacing-left-large:9.6%;--awb-width-medium:100%;--awb-order-medium:0;--awb-spacing-right-medium:1.92%;--awb-spacing-left-medium:1.92%;--awb-width-small:100%;--awb-order-small:0;--awb-spacing-right-small:1.92%;--awb-spacing-left-small:1.92%;\"><div class=\"fusion-column-wrapper fusion-column-has-shadow fusion-flex-justify-content-flex-start fusion-content-layout-column\"><div class=\"accordian fusion-accordian\" style=\"--awb-border-size:1px;--awb-icon-size:13px;--awb-content-font-size:15px;--awb-icon-alignment:left;--awb-hover-color:hsla(var(--awb-color7-h),var(--awb-color7-s),calc( var(--awb-color7-l) + 69% ),var(--awb-color7-a));--awb-border-color:hsla(var(--awb-color7-h),var(--awb-color7-s),calc( var(--awb-color7-l) + 51% ),var(--awb-color7-a));--awb-background-color:var(--awb-color1);--awb-divider-color:var(--awb-color3);--awb-divider-hover-color:var(--awb-color3);--awb-icon-color:var(--awb-color1);--awb-title-color:var(--awb-color8);--awb-content-color:var(--awb-color7);--awb-icon-box-color:hsla(var(--awb-color7-h),var(--awb-color7-s),calc( var(--awb-color7-l) - 9% ),var(--awb-color7-a));--awb-toggle-hover-accent-color:var(--awb-color5);--awb-title-font-family:&quot;Montserrat&quot;;--awb-title-font-weight:700;--awb-title-font-style:normal;--awb-title-font-size:15px;--awb-content-font-family:&quot;Karla&quot;;--awb-content-font-style:normal;--awb-content-font-weight:400;\"><div class=\"panel-group fusion-toggle-icon-boxed\" id=\"accordion-27452-2\"><div class=\"fusion-panel panel-default panel-cdff44598b6f494f4 fusion-toggle-has-divider\"><div class=\"panel-heading\"><h4 class=\"panel-title toggle\" id=\"toggle_cdff44598b6f494f4\"><a aria-expanded=\"false\" aria-controls=\"cdff44598b6f494f4\" role=\"button\" data-toggle=\"collapse\" data-parent=\"#accordion-27452-2\" data-target=\"#cdff44598b6f494f4\" href=\"#cdff44598b6f494f4\"><span class=\"fusion-toggle-icon-wrapper\" aria-hidden=\"true\"><i class=\"fa-fusion-box active-icon fa-angle-right fas\" aria-hidden=\"true\"><\/i><i class=\"fa-fusion-box inactive-icon fa-angle-right fas\" aria-hidden=\"true\"><\/i><\/span><span class=\"fusion-toggle-heading\">Servicio<\/span><\/a><\/h4><\/div><div id=\"cdff44598b6f494f4\" class=\"panel-collapse collapse \" aria-labelledby=\"toggle_cdff44598b6f494f4\"><div class=\"panel-body toggle-content fusion-clearfix\">\n<p>\u25b6<a href=\"https:\/\/ledstripchannel.com\/service\/\">Promesa de Servicio<\/a><\/p>\n<p><a href=\"https:\/\/ledstripchannel.com\/process-flow\/\"><span style=\"color: var(--awb-color7); background-color: var(--awb-color1); font-style: var(--body_typography-font-style,normal); letter-spacing: var(--body_typography-letter-spacing);\">\u25b6Flujo de Procesos<\/span><\/a><\/p>\n<p><a href=\"https:\/\/ledstripchannel.com\/quality-management\/\">\u25b6Gesti\u00f3n de la Calidad<\/a><\/p>\n<p><a href=\"https:\/\/ledstripchannel.com\/packing-details\/\">\u25b6Detalles del Embalaje<\/a><\/p>\n<p><a href=\"https:\/\/ledstripchannel.com\/shipping-delivery\/\">\u25b6Env\u00edo y Entrega<\/a><\/p>\n<p><a href=\"https:\/\/ledstripchannel.com\/payment-methods\/\">\u25b6Formas de Pago<\/a><\/p>\n<p><a href=\"https:\/\/ledstripchannel.com\/sales-network\/\">\u25b6Red de Ventas<\/a><\/p>\n<\/div><\/div><\/div><\/div><\/div><\/div><\/div><div class=\"fusion-layout-column fusion_builder_column fusion-builder-column-4 fusion_builder_column_3_4 3_4 fusion-flex-column\" style=\"--awb-bg-size:cover;--awb-width-large:75%;--awb-margin-top-large:15px;--awb-spacing-right-large:0px;--awb-margin-bottom-large:15px;--awb-spacing-left-large:0px;--awb-width-medium:100%;--awb-order-medium:0;--awb-spacing-right-medium:1.92%;--awb-spacing-left-medium:1.92%;--awb-width-small:100%;--awb-order-small:0;--awb-margin-top-small:11px;--awb-spacing-right-small:0%;--awb-margin-bottom-small:-30px;--awb-spacing-left-small:0%;\"><div class=\"fusion-column-wrapper fusion-column-has-shadow fusion-flex-justify-content-flex-start fusion-content-layout-column\"><div class=\"fusion-text fusion-text-1\" style=\"--awb-text-font-family:&quot;Roboto&quot;;--awb-text-font-style:normal;--awb-text-font-weight:400;\"><p><a href=\"https:\/\/ledstripchannel.com\/products\/\"><strong>Perfil LED<\/strong><\/a> detalles del embalaje\uff1a<\/p>\n<p>1. Aseg\u00farese de que el riel de canal LED se embala de acuerdo con el embalaje personalizado confirmado por el cliente para cumplir con la entrega segura y completa del <strong>sistema de canal LED<\/strong> a la ubicaci\u00f3n del proyecto del cliente. Aseg\u00farese de que el perfil de aluminio, la cubierta y los accesorios no est\u00e9n deformados, da\u00f1ados o perdidos.<\/p>\n<\/div><div class=\"fusion-image-element fusion-no-medium-visibility fusion-no-large-visibility\" style=\"--awb-caption-title-font-family:var(--h2_typography-font-family);--awb-caption-title-font-weight:var(--h2_typography-font-weight);--awb-caption-title-font-style:var(--h2_typography-font-style);--awb-caption-title-size:var(--h2_typography-font-size);--awb-caption-title-transform:var(--h2_typography-text-transform);--awb-caption-title-line-height:var(--h2_typography-line-height);--awb-caption-title-letter-spacing:var(--h2_typography-letter-spacing);\"><span class=\" fusion-imageframe imageframe-none imageframe-1 hover-type-none fusion-no-medium-visibility fusion-no-large-visibility\" class=\"image-magnify\" class=\"image-scroll\"><img decoding=\"async\" width=\"2340\" height=\"588\" alt=\"Detalles del embalaje\" title=\"promo_box_3_bg\" src=\"data:image\/svg+xml,%3Csvg%20xmlns%3D%27http%3A%2F%2Fwww.w3.org%2F2000%2Fsvg%27%20width%3D%272340%27%20height%3D%27588%27%20viewBox%3D%270%200%202340%20588%27%3E%3Crect%20width%3D%272340%27%20height%3D%27588%27%20fill-opacity%3D%220%22%2F%3E%3C%2Fsvg%3E\" data-orig-src=\"https:\/\/ledstripchannel.com\/wp-content\/uploads\/2022\/11\/Packing-Details-1.jpg\" class=\"lazyload img-responsive wp-image-22134\"\/><\/span><\/div><div class=\"fusion-text fusion-text-2\" style=\"--awb-text-font-family:&quot;Roboto&quot;;--awb-text-font-style:normal;--awb-text-font-weight:400;\"><p>2. Para requisitos especiales, debe protegerse un embalaje especial para evitar golpes durante el transporte. Todos los embalajes de los canales de tiras de LED deben estar protegidos contra la humedad, la lluvia, el \u00f3xido, los golpes, la corrosi\u00f3n y la deformaci\u00f3n.<\/p>\n<p>3. El tiempo de secado del anodizado <a href=\"https:\/\/ledstripchannel.com\/surface-led-profile\/\"><strong>canal de aluminio para tiras LED<\/strong><\/a> debe envasarse despu\u00e9s del tiempo especificado.<\/p>\n<p>4. Nuestros difusores LED se embalan en bolsas de PE transparentes + cajas de cart\u00f3n + 4 cantoneras negras en embalaje est\u00e1ndar.<\/p>\n<\/div><div class=\"fusion-image-element fusion-no-small-visibility\" style=\"--awb-caption-title-font-family:var(--h2_typography-font-family);--awb-caption-title-font-weight:var(--h2_typography-font-weight);--awb-caption-title-font-style:var(--h2_typography-font-style);--awb-caption-title-size:var(--h2_typography-font-size);--awb-caption-title-transform:var(--h2_typography-text-transform);--awb-caption-title-line-height:var(--h2_typography-line-height);--awb-caption-title-letter-spacing:var(--h2_typography-letter-spacing);\"><span class=\" fusion-imageframe imageframe-none imageframe-2 hover-type-none fusion-no-small-visibility\" class=\"image-magnify\" class=\"image-scroll\"><img decoding=\"async\" width=\"2340\" height=\"588\" alt=\"Detalles del embalaje\" title=\"promo_box_3_bg\" src=\"data:image\/svg+xml,%3Csvg%20xmlns%3D%27http%3A%2F%2Fwww.w3.org%2F2000%2Fsvg%27%20width%3D%272340%27%20height%3D%27588%27%20viewBox%3D%270%200%202340%20588%27%3E%3Crect%20width%3D%272340%27%20height%3D%27588%27%20fill-opacity%3D%220%22%2F%3E%3C%2Fsvg%3E\" data-orig-src=\"https:\/\/ledstripchannel.com\/wp-content\/uploads\/2022\/11\/Packing-Details-1.jpg\" class=\"lazyload img-responsive wp-image-22134\"\/><\/span><\/div><\/div><\/div><\/div><\/div><\/p>\n","protected":false},"excerpt":{"rendered":"","protected":false},"author":1,"featured_media":0,"parent":0,"menu_order":0,"comment_status":"closed","ping_status":"closed","template":"100-width.php","meta":{"_acf_changed":false,"_seopress_robots_primary_cat":"","_seopress_titles_title":"Presentaci\u00f3n de Los Detalles de Embalaje Est\u00e1ndar del Difusor LED - Canal de Tiras LED","_seopress_titles_desc":"Canal de extrusi\u00f3n LED adecuado para el sistema de iluminaci\u00f3n de tira de LED, proporcionamos una soluci\u00f3n de embalaje est\u00e1ndar profesional canal de iluminaci\u00f3n, por favor haga clic para obtener m\u00e1s informaci\u00f3n.","_seopress_robots_index":"","footnotes":""},"class_list":["post-27452","page","type-page","status-publish","hentry"],"acf":[],"_links":{"self":[{"href":"https:\/\/www.ledstripchannel.com\/es\/wp-json\/wp\/v2\/pages\/27452","targetHints":{"allow":["GET"]}}],"collection":[{"href":"https:\/\/www.ledstripchannel.com\/es\/wp-json\/wp\/v2\/pages"}],"about":[{"href":"https:\/\/www.ledstripchannel.com\/es\/wp-json\/wp\/v2\/types\/page"}],"author":[{"embeddable":true,"href":"https:\/\/www.ledstripchannel.com\/es\/wp-json\/wp\/v2\/users\/1"}],"replies":[{"embeddable":true,"href":"https:\/\/www.ledstripchannel.com\/es\/wp-json\/wp\/v2\/comments?post=27452"}],"version-history":[{"count":7,"href":"https:\/\/www.ledstripchannel.com\/es\/wp-json\/wp\/v2\/pages\/27452\/revisions"}],"predecessor-version":[{"id":30238,"href":"https:\/\/www.ledstripchannel.com\/es\/wp-json\/wp\/v2\/pages\/27452\/revisions\/30238"}],"wp:attachment":[{"href":"https:\/\/www.ledstripchannel.com\/es\/wp-json\/wp\/v2\/media?parent=27452"}],"curies":[{"name":"wp","href":"https:\/\/api.w.org\/{rel}","templated":true}]}}