{"id":27431,"date":"2022-11-12T13:54:57","date_gmt":"2022-11-12T21:54:57","guid":{"rendered":"https:\/\/ledstripchannel.com\/conviertase-en-agente\/"},"modified":"2024-01-10T02:49:40","modified_gmt":"2024-01-10T02:49:40","slug":"conviertase-en-agente","status":"publish","type":"page","link":"https:\/\/www.ledstripchannel.com\/es\/conviertase-en-agente\/","title":{"rendered":"Convi\u00e9rtase en un agente"},"content":{"rendered":"<p><div class=\"fusion-fullwidth fullwidth-box fusion-builder-row-1 fusion-flex-container has-pattern-background has-mask-background fusion-parallax-none nonhundred-percent-fullwidth non-hundred-percent-height-scrolling fusion-no-small-visibility lazyload\" style=\"--awb-border-radius-top-left:0px;--awb-border-radius-top-right:0px;--awb-border-radius-bottom-right:0px;--awb-border-radius-bottom-left:0px;--awb-padding-top:203px;--awb-margin-top:-50px;--awb-background-size:cover;\" data-bg=\"https:\/\/ledstripchannel.com\/wp-content\/uploads\/2022\/11\/About-Us-1-1.jpg\" ><div class=\"fusion-builder-row fusion-row fusion-flex-align-items-flex-start\" style=\"max-width:1216.8px;margin-left: calc(-4% \/ 2 );margin-right: calc(-4% \/ 2 );\"><div class=\"fusion-layout-column fusion_builder_column fusion-builder-column-0 fusion_builder_column_1_1 1_1 fusion-flex-column\" style=\"--awb-bg-size:cover;--awb-width-large:100%;--awb-margin-top-large:15px;--awb-spacing-right-large:1.92%;--awb-margin-bottom-large:15px;--awb-spacing-left-large:1.92%;--awb-width-medium:100%;--awb-order-medium:0;--awb-spacing-right-medium:1.92%;--awb-spacing-left-medium:1.92%;--awb-width-small:100%;--awb-order-small:0;--awb-spacing-right-small:1.92%;--awb-spacing-left-small:1.92%;\"><div class=\"fusion-column-wrapper fusion-column-has-shadow fusion-flex-justify-content-flex-start fusion-content-layout-column\"><div class=\"fusion-title title fusion-title-1 fusion-title-center fusion-title-text fusion-title-size-one\" style=\"--awb-text-color:var(--awb-color1);--awb-font-size:50px;\"><div class=\"title-sep-container title-sep-container-left\"><div class=\"title-sep sep- sep-solid\" style=\"border-color:var(--awb-color3);\"><\/div><\/div><span class=\"awb-title-spacer\"><\/span><h1 class=\"title-heading-center fusion-responsive-typography-calculated\" style=\"font-family:Arial, Helvetica, sans-serif;font-style:normal;font-weight:400;margin:0;font-size:1em;--fontSize:50;line-height:var(--awb-typography1-line-height);\">Convi\u00e9rtase en un agente<\/h1><span class=\"awb-title-spacer\"><\/span><div class=\"title-sep-container title-sep-container-right\"><div class=\"title-sep sep- sep-solid\" style=\"border-color:var(--awb-color3);\"><\/div><\/div><\/div><div class=\"fusion-breadcrumbs fusion-breadcrumbs-1\" style=\"--awb-alignment:center;--awb-text-hover-color:var(--awb-custom_color_1);--awb-text-color:var(--awb-color1);text-align:center;\"><span class=\"fusion-breadcrumb-item\"><a href=\"https:\/\/www.ledstripchannel.com\/es\/\" class=\"fusion-breadcrumb-link\"><span >Home<\/span><\/a><\/span><span class=\"fusion-breadcrumb-sep\">\/<\/span><\/div><\/div><\/div><\/div><\/div><div class=\"fusion-fullwidth fullwidth-box fusion-builder-row-2 fusion-flex-container has-pattern-background has-mask-background fusion-parallax-none nonhundred-percent-fullwidth non-hundred-percent-height-scrolling fusion-no-medium-visibility fusion-no-large-visibility lazyload\" style=\"--awb-border-radius-top-left:0px;--awb-border-radius-top-right:0px;--awb-border-radius-bottom-right:0px;--awb-border-radius-bottom-left:0px;--awb-padding-top:203px;--awb-padding-top-small:10px;--awb-margin-top:-50px;--awb-background-size:cover;\" data-bg=\"https:\/\/ledstripchannel.com\/wp-content\/uploads\/2022\/11\/About-Us-1-1.jpg\" ><div class=\"fusion-builder-row fusion-row fusion-flex-align-items-flex-start\" style=\"max-width:1216.8px;margin-left: calc(-4% \/ 2 );margin-right: calc(-4% \/ 2 );\"><div class=\"fusion-layout-column fusion_builder_column fusion-builder-column-1 fusion_builder_column_1_1 1_1 fusion-flex-column\" style=\"--awb-bg-size:cover;--awb-width-large:100%;--awb-margin-top-large:15px;--awb-spacing-right-large:1.92%;--awb-margin-bottom-large:15px;--awb-spacing-left-large:1.92%;--awb-width-medium:100%;--awb-order-medium:0;--awb-spacing-right-medium:1.92%;--awb-spacing-left-medium:1.92%;--awb-width-small:100%;--awb-order-small:0;--awb-spacing-right-small:1.92%;--awb-spacing-left-small:1.92%;\"><div class=\"fusion-column-wrapper fusion-column-has-shadow fusion-flex-justify-content-flex-start fusion-content-layout-column\"><div class=\"fusion-title title fusion-title-2 fusion-title-center fusion-title-text fusion-title-size-one\" style=\"--awb-text-color:var(--awb-color1);--awb-font-size:50px;\"><div class=\"title-sep-container title-sep-container-left\"><div class=\"title-sep sep- sep-solid\" style=\"border-color:var(--awb-color3);\"><\/div><\/div><span class=\"awb-title-spacer\"><\/span><h1 class=\"title-heading-center fusion-responsive-typography-calculated\" style=\"font-family:Arial, Helvetica, sans-serif;font-style:normal;font-weight:400;margin:0;font-size:1em;--fontSize:50;line-height:var(--awb-typography1-line-height);\">Convi\u00e9rtase en un agente<\/h1><span class=\"awb-title-spacer\"><\/span><div class=\"title-sep-container title-sep-container-right\"><div class=\"title-sep sep- sep-solid\" style=\"border-color:var(--awb-color3);\"><\/div><\/div><\/div><div class=\"fusion-breadcrumbs fusion-breadcrumbs-2\" style=\"--awb-alignment:center;--awb-text-hover-color:var(--awb-custom_color_1);--awb-text-color:var(--awb-color1);text-align:center;\"><span class=\"fusion-breadcrumb-item\"><a href=\"https:\/\/www.ledstripchannel.com\/es\/\" class=\"fusion-breadcrumb-link\"><span >Home<\/span><\/a><\/span><span class=\"fusion-breadcrumb-sep\">\/<\/span><\/div><\/div><\/div><\/div><\/div><div class=\"fusion-fullwidth fullwidth-box fusion-builder-row-3 fusion-flex-container has-pattern-background has-mask-background nonhundred-percent-fullwidth non-hundred-percent-height-scrolling\" style=\"--awb-border-radius-top-left:0px;--awb-border-radius-top-right:0px;--awb-border-radius-bottom-right:0px;--awb-border-radius-bottom-left:0px;--awb-padding-right:0px;--awb-padding-left:0px;\" ><div class=\"fusion-builder-row fusion-row fusion-flex-align-items-flex-start\" style=\"max-width:1216.8px;margin-left: calc(-4% \/ 2 );margin-right: calc(-4% \/ 2 );\"><div class=\"fusion-layout-column fusion_builder_column fusion-builder-column-2 fusion_builder_column_1_4 1_4 fusion-flex-column fusion-no-small-visibility fusion-no-medium-visibility\" style=\"--awb-bg-size:cover;--awb-width-large:25%;--awb-margin-top-large:15px;--awb-spacing-right-large:7.68%;--awb-margin-bottom-large:15px;--awb-spacing-left-large:7.68%;--awb-width-medium:100%;--awb-order-medium:0;--awb-spacing-right-medium:1.92%;--awb-spacing-left-medium:1.92%;--awb-width-small:100%;--awb-order-small:0;--awb-spacing-right-small:1.92%;--awb-spacing-left-small:1.92%;\"><div class=\"fusion-column-wrapper fusion-column-has-shadow fusion-flex-justify-content-flex-start fusion-content-layout-column\"><div class=\"accordian fusion-accordian\" style=\"--awb-border-size:1px;--awb-icon-size:13px;--awb-content-font-size:15px;--awb-icon-alignment:left;--awb-hover-color:hsla(var(--awb-color7-h),var(--awb-color7-s),calc( var(--awb-color7-l) + 69% ),var(--awb-color7-a));--awb-border-color:hsla(var(--awb-color7-h),var(--awb-color7-s),calc( var(--awb-color7-l) + 51% ),var(--awb-color7-a));--awb-background-color:var(--awb-color1);--awb-divider-color:var(--awb-color3);--awb-divider-hover-color:var(--awb-color3);--awb-icon-color:var(--awb-color1);--awb-title-color:var(--awb-color8);--awb-content-color:var(--awb-color7);--awb-icon-box-color:hsla(var(--awb-color7-h),var(--awb-color7-s),calc( var(--awb-color7-l) - 9% ),var(--awb-color7-a));--awb-toggle-hover-accent-color:var(--awb-custom_color_1);--awb-title-font-family:&quot;Montserrat&quot;;--awb-title-font-weight:700;--awb-title-font-style:normal;--awb-title-font-size:15px;--awb-content-font-family:&quot;Karla&quot;;--awb-content-font-style:normal;--awb-content-font-weight:400;\"><div class=\"panel-group fusion-toggle-icon-boxed\" id=\"accordion-27431-1\"><div class=\"fusion-panel panel-default panel-3174e4be38bf7cf3b fusion-toggle-has-divider\" style=\"--awb-title-font-family:Arial, Helvetica, sans-serif;--awb-title-font-weight:400;--awb-title-font-style:normal;\"><div class=\"panel-heading\"><h4 class=\"panel-title toggle\" id=\"toggle_3174e4be38bf7cf3b\"><a class=\"active\" aria-expanded=\"true\" aria-controls=\"3174e4be38bf7cf3b\" role=\"button\" data-toggle=\"collapse\" data-parent=\"#accordion-27431-1\" data-target=\"#3174e4be38bf7cf3b\" href=\"#3174e4be38bf7cf3b\"><span class=\"fusion-toggle-icon-wrapper\" aria-hidden=\"true\"><i class=\"fa-fusion-box active-icon fa-angle-right fas\" aria-hidden=\"true\"><\/i><i class=\"fa-fusion-box inactive-icon fa-angle-right fas\" aria-hidden=\"true\"><\/i><\/span><span class=\"fusion-toggle-heading\">EMPRESA<\/span><\/a><\/h4><\/div><div id=\"3174e4be38bf7cf3b\" class=\"panel-collapse collapse in\" aria-labelledby=\"toggle_3174e4be38bf7cf3b\"><div class=\"panel-body toggle-content fusion-clearfix\">\n<p><a href=\"https:\/\/ledstripchannel.com\/fqa\/\">\u25b6FQAs<\/a><\/p>\n<p><a href=\"https:\/\/ledstripchannel.com\/about-us\/\">\u25b6Sobre nosotros<\/a><\/p>\n<p><a href=\"https:\/\/ledstripchannel.com\/contact-us\/\">\u25b6Cont\u00e1ctenos<\/a><\/p>\n<p><a href=\"https:\/\/ledstripchannel.com\/why-choose-us\/\">\u25b6Por qu\u00e9 elegirnos<\/a><\/p>\n<p><a href=\"https:\/\/ledstripchannel.com\/become-an-agent\/\">\u25b6Convi\u00e9rtase en agente<\/a><\/p>\n<p><a href=\"https:\/\/ledstripchannel.com\/tags\/\">\u25b6Etiquetas<\/a><\/p>\n<\/div><\/div><\/div><\/div><\/div><\/div><\/div><div class=\"fusion-layout-column fusion_builder_column fusion-builder-column-3 fusion_builder_column_1_4 1_4 fusion-flex-column fusion-no-large-visibility\" style=\"--awb-bg-size:cover;--awb-width-large:25%;--awb-margin-top-large:15px;--awb-spacing-right-large:7.68%;--awb-margin-bottom-large:15px;--awb-spacing-left-large:7.68%;--awb-width-medium:100%;--awb-order-medium:0;--awb-spacing-right-medium:1.92%;--awb-spacing-left-medium:1.92%;--awb-width-small:100%;--awb-order-small:0;--awb-spacing-right-small:1.92%;--awb-spacing-left-small:1.92%;\"><div class=\"fusion-column-wrapper fusion-column-has-shadow fusion-flex-justify-content-flex-start fusion-content-layout-column\"><div class=\"accordian fusion-accordian\" style=\"--awb-border-size:1px;--awb-icon-size:13px;--awb-content-font-size:15px;--awb-icon-alignment:left;--awb-hover-color:hsla(var(--awb-color7-h),var(--awb-color7-s),calc( var(--awb-color7-l) + 69% ),var(--awb-color7-a));--awb-border-color:hsla(var(--awb-color7-h),var(--awb-color7-s),calc( var(--awb-color7-l) + 51% ),var(--awb-color7-a));--awb-background-color:var(--awb-color1);--awb-divider-color:var(--awb-color3);--awb-divider-hover-color:var(--awb-color3);--awb-icon-color:var(--awb-color1);--awb-title-color:var(--awb-color8);--awb-content-color:var(--awb-color7);--awb-icon-box-color:hsla(var(--awb-color7-h),var(--awb-color7-s),calc( var(--awb-color7-l) - 9% ),var(--awb-color7-a));--awb-toggle-hover-accent-color:var(--awb-custom_color_1);--awb-title-font-family:&quot;Montserrat&quot;;--awb-title-font-weight:700;--awb-title-font-style:normal;--awb-title-font-size:15px;--awb-content-font-family:&quot;Karla&quot;;--awb-content-font-style:normal;--awb-content-font-weight:400;\"><div class=\"panel-group fusion-toggle-icon-boxed\" id=\"accordion-27431-2\"><div class=\"fusion-panel panel-default panel-b77176255b403fd3e fusion-toggle-has-divider\" style=\"--awb-title-font-family:Arial, Helvetica, sans-serif;--awb-title-font-weight:400;--awb-title-font-style:normal;\"><div class=\"panel-heading\"><h4 class=\"panel-title toggle\" id=\"toggle_b77176255b403fd3e\"><a aria-expanded=\"false\" aria-controls=\"b77176255b403fd3e\" role=\"button\" data-toggle=\"collapse\" data-parent=\"#accordion-27431-2\" data-target=\"#b77176255b403fd3e\" href=\"#b77176255b403fd3e\"><span class=\"fusion-toggle-icon-wrapper\" aria-hidden=\"true\"><i class=\"fa-fusion-box active-icon fa-angle-right fas\" aria-hidden=\"true\"><\/i><i class=\"fa-fusion-box inactive-icon fa-angle-right fas\" aria-hidden=\"true\"><\/i><\/span><span class=\"fusion-toggle-heading\">EMPRESA<\/span><\/a><\/h4><\/div><div id=\"b77176255b403fd3e\" class=\"panel-collapse collapse \" aria-labelledby=\"toggle_b77176255b403fd3e\"><div class=\"panel-body toggle-content fusion-clearfix\">\n<p><a href=\"https:\/\/ledstripchannel.com\/fqa\/\">\u25b6FQAs<\/a><\/p>\n<p><a href=\"https:\/\/ledstripchannel.com\/about-us\/\">\u25b6Sobre nosotros<\/a><\/p>\n<p><a href=\"https:\/\/ledstripchannel.com\/contact-us\/\">\u25b6Cont\u00e1ctenos<\/a><\/p>\n<p><a href=\"https:\/\/ledstripchannel.com\/why-choose-us\/\">\u25b6Por qu\u00e9 elegirnos<\/a><\/p>\n<p><a href=\"https:\/\/ledstripchannel.com\/become-an-agent\/\">\u25b6Convi\u00e9rtase en agente<\/a><\/p>\n<p><a href=\"https:\/\/ledstripchannel.com\/tags\/\">\u25b6Etiquetas<\/a><\/p>\n<\/div><\/div><\/div><\/div><\/div><\/div><\/div><div class=\"fusion-layout-column fusion_builder_column fusion-builder-column-4 fusion_builder_column_3_4 3_4 fusion-flex-column\" style=\"--awb-bg-size:cover;--awb-width-large:75%;--awb-margin-top-large:15px;--awb-spacing-right-large:2.56%;--awb-margin-bottom-large:15px;--awb-spacing-left-large:2.56%;--awb-width-medium:100%;--awb-order-medium:0;--awb-spacing-right-medium:1.92%;--awb-spacing-left-medium:1.92%;--awb-width-small:100%;--awb-order-small:0;--awb-spacing-right-small:1.92%;--awb-margin-bottom-small:-20px;--awb-spacing-left-small:1.92%;\"><div class=\"fusion-column-wrapper fusion-column-has-shadow fusion-flex-justify-content-flex-start fusion-content-layout-column\"><div class=\"fusion-text fusion-text-1\" style=\"--awb-margin-right:8px;--awb-margin-left:8px;\"><p><b style=\"font-size: 18px;\" data-fusion-font=\"true\">LED Strip Channel invita a socios globales:<\/b><\/p>\n<p>LED Strip Channel, como un proveedor profesional de soluciones integrales de sistemas de canales de iluminaci\u00f3n, fue establecido en 2008, comprometido con el desarrollo, dise\u00f1o y fabricaci\u00f3n de productos, brindando un suministro estable, alta calidad y precios directos de f\u00e1brica de sistemas de canales de aluminio para LED en todo el mundo.<\/p>\n<\/div><div class=\"fusion-image-element \" style=\"--awb-caption-title-font-family:var(--h2_typography-font-family);--awb-caption-title-font-weight:var(--h2_typography-font-weight);--awb-caption-title-font-style:var(--h2_typography-font-style);--awb-caption-title-size:var(--h2_typography-font-size);--awb-caption-title-transform:var(--h2_typography-text-transform);--awb-caption-title-line-height:var(--h2_typography-line-height);--awb-caption-title-letter-spacing:var(--h2_typography-letter-spacing);\"><span class=\" fusion-imageframe imageframe-none imageframe-1 hover-type-none\" class=\"image-magnify\" class=\"image-scroll\"><img decoding=\"async\" width=\"1532\" height=\"618\" title=\"Become-an Agent-2\" src=\"https:\/\/www.ledstripchannel.com\/wp-content\/uploads\/2023\/03\/become-an-agent-2.jpg\" data-orig-src=\"https:\/\/ledstripchannel.com\/wp-content\/uploads\/2023\/03\/become-an-agent-2.jpg\" alt class=\"lazyload img-responsive wp-image-29393\" srcset=\"data:image\/svg+xml,%3Csvg%20xmlns%3D%27http%3A%2F%2Fwww.w3.org%2F2000%2Fsvg%27%20width%3D%271532%27%20height%3D%27618%27%20viewBox%3D%270%200%201532%20618%27%3E%3Crect%20width%3D%271532%27%20height%3D%27618%27%20fill-opacity%3D%220%22%2F%3E%3C%2Fsvg%3E\" data-srcset=\"https:\/\/www.ledstripchannel.com\/wp-content\/uploads\/2023\/03\/become-an-agent-2-200x81.jpg 200w, https:\/\/www.ledstripchannel.com\/wp-content\/uploads\/2023\/03\/become-an-agent-2-400x161.jpg 400w, https:\/\/www.ledstripchannel.com\/wp-content\/uploads\/2023\/03\/become-an-agent-2-600x242.jpg 600w, https:\/\/www.ledstripchannel.com\/wp-content\/uploads\/2023\/03\/become-an-agent-2-800x323.jpg 800w, https:\/\/www.ledstripchannel.com\/wp-content\/uploads\/2023\/03\/become-an-agent-2-1200x484.jpg 1200w, https:\/\/www.ledstripchannel.com\/wp-content\/uploads\/2023\/03\/become-an-agent-2.jpg 1532w\" data-sizes=\"auto\" data-orig-sizes=\"(max-width: 1024px) 100vw, (max-width: 640px) 100vw, 1200px\" \/><\/span><\/div><div class=\"fusion-text fusion-text-2\" style=\"--awb-margin-top:20px;--awb-margin-right:8px;--awb-margin-left:8px;\"><p><b>Canal de tiras<\/b> <span style=\"background-color: var(--awb-color1);\"><b>LED<\/b><\/span> con excelente calidad, dise\u00f1o \u00fanico, gran escala de fabricaci\u00f3n y un equipo de servicio profesional, somos el socio ideal para iniciar y desarrollar productos de canales LED de aluminio. Siempre mantenemos precios razonables, calidad estable y una buena imagen de marca en productos difusores de LED. Optimizamos el dise\u00f1o del producto y el servicio de calidad para crear m\u00e1rgenes de beneficio enormes para nuestros socios y hacer que nuestro marketing global crezca de manera exponencial.<\/p>\n<p>Bienvenido a unirse y convertirse en nuestro socio para obtener el precio de agencia de descuento al por mayor para <b>Perfil LED de superficie<\/b>, <b><a href=\"https:\/\/ledstripchannel.com\/plasterboard-led-profile\/\">Techo Tira de LED Canal<\/a><\/b>, <b>Perfil LED de esquina<\/b>, <b>Canal LED empotrado<\/b>, y <b><a href=\"https:\/\/ledstripchannel.com\/suspended-led-profile\/\">Perfil LED suspendido<\/a><\/b>. Incrementa tus ventas y obt\u00e9n m\u00e1s beneficios, <b><a href=\"https:\/\/ledstripchannel.com\/contact-us\/\">por favor cont\u00e1ctanos para m\u00e1s detalles.<\/a><\/b><\/p>\n<\/div><div class=\"fusion-image-element \" style=\"--awb-aspect-ratio:1 \/ 1;--awb-caption-title-font-family:var(--h2_typography-font-family);--awb-caption-title-font-weight:var(--h2_typography-font-weight);--awb-caption-title-font-style:var(--h2_typography-font-style);--awb-caption-title-size:var(--h2_typography-font-size);--awb-caption-title-transform:var(--h2_typography-text-transform);--awb-caption-title-line-height:var(--h2_typography-line-height);--awb-caption-title-letter-spacing:var(--h2_typography-letter-spacing);\"><span class=\" fusion-imageframe imageframe-none imageframe-2 hover-type-none has-aspect-ratio\" class=\"image-magnify\" class=\"image-scroll\"><img decoding=\"async\" width=\"500\" height=\"650\" title=\"modern_love_tee\" src=\"data:image\/svg+xml,%3Csvg%20xmlns%3D%27http%3A%2F%2Fwww.w3.org%2F2000%2Fsvg%27%20width%3D%27500%27%20height%3D%27650%27%20viewBox%3D%270%200%20500%20650%27%3E%3Crect%20width%3D%27500%27%20height%3D%27650%27%20fill-opacity%3D%220%22%2F%3E%3C%2Fsvg%3E\" data-orig-src=\"https:\/\/ledstripchannel.com\/wp-content\/uploads\/2022\/11\/Become-an-Agent-2-1.jpg\" class=\"lazyload img-responsive wp-image-22255 img-with-aspect-ratio\" alt \/><\/span><\/div><\/div><\/div><\/div><\/div><\/p>\n","protected":false},"excerpt":{"rendered":"","protected":false},"author":1,"featured_media":0,"parent":0,"menu_order":0,"comment_status":"closed","ping_status":"closed","template":"100-width.php","meta":{"_acf_changed":false,"_seopress_robots_primary_cat":"","_seopress_titles_title":"Convi\u00e9rtase en agente de canales de luces LED de aluminio - Canal de tiras de LED","_seopress_titles_desc":"Le damos la bienvenida a unirse a nosotros y convertirse en nuestro socio para obtener el precio mayorista de f\u00e1brica para el perfil LED de superficie, el canal LED empotrado y el perfil LED suspendido.","_seopress_robots_index":"","footnotes":""},"class_list":["post-27431","page","type-page","status-publish","hentry"],"acf":[],"_links":{"self":[{"href":"https:\/\/www.ledstripchannel.com\/es\/wp-json\/wp\/v2\/pages\/27431","targetHints":{"allow":["GET"]}}],"collection":[{"href":"https:\/\/www.ledstripchannel.com\/es\/wp-json\/wp\/v2\/pages"}],"about":[{"href":"https:\/\/www.ledstripchannel.com\/es\/wp-json\/wp\/v2\/types\/page"}],"author":[{"embeddable":true,"href":"https:\/\/www.ledstripchannel.com\/es\/wp-json\/wp\/v2\/users\/1"}],"replies":[{"embeddable":true,"href":"https:\/\/www.ledstripchannel.com\/es\/wp-json\/wp\/v2\/comments?post=27431"}],"version-history":[{"count":30,"href":"https:\/\/www.ledstripchannel.com\/es\/wp-json\/wp\/v2\/pages\/27431\/revisions"}],"predecessor-version":[{"id":30197,"href":"https:\/\/www.ledstripchannel.com\/es\/wp-json\/wp\/v2\/pages\/27431\/revisions\/30197"}],"wp:attachment":[{"href":"https:\/\/www.ledstripchannel.com\/es\/wp-json\/wp\/v2\/media?parent=27431"}],"curies":[{"name":"wp","href":"https:\/\/api.w.org\/{rel}","templated":true}]}}